{"id":884,"date":"2020-04-09T21:56:45","date_gmt":"2020-04-09T20:56:45","guid":{"rendered":"https:\/\/www.yinyangklinik.dk\/?page_id=884"},"modified":"2024-05-01T17:47:32","modified_gmt":"2024-05-01T16:47:32","slug":"priser","status":"publish","type":"page","link":"https:\/\/www.yinyangklinik.dk\/index.php\/priser\/","title":{"rendered":"Priser"},"content":{"rendered":"\n<p class=\"has-text-align-left\" style=\"font-size:12px\">Priser pr. 1. januar 2024<\/p>\n\n\n\n<div class=\"wp-block-getwid-advanced-spacer\" style=\"height:3vh\" aria-hidden=\"true\"><\/div>\n\n\n\n<div class=\"wp-block-getwid-table has-table-layout-fixed\"><table><tbody><tr><td style=\"padding-bottom:20px\"><strong>F\u00f8rste behandling<\/strong><br>1. behandling inkl. journaloptagelse. <br>Varighed: 60 &#8211; 90 min<\/td><td style=\"text-align:right;vertical-align:top;padding-bottom:20px\">500 kr.<\/td><\/tr><tr><td style=\"padding-top:20px\"><strong>Efterf\u00f8lgende behandlinger<\/strong><br>Varighed: cirka 60 min.<\/td><td style=\"text-align:right;vertical-align:top;padding-top:20px\">400 kr.<\/td><\/tr><\/tbody><\/table><\/div>\n\n\n\n<div class=\"wp-block-getwid-advanced-spacer\" style=\"height:2vh\" aria-hidden=\"true\"><\/div>\n\n\n\n<h2 class=\"wp-block-heading has-black-color has-text-color\" style=\"line-height:1.5\"><strong>Betaling<\/strong><\/h2>\n\n\n\n<div class=\"wp-block-columns is-layout-flex wp-container-core-columns-layout-1 wp-block-columns-is-layout-flex\">\n<div class=\"wp-block-column is-layout-flow wp-block-column-is-layout-flow\">\n<p>Betaling foreg\u00e5r kontant eller via MobilePay.<\/p>\n<\/div>\n<\/div>\n\n\n\n<figure class=\"wp-block-image size-large is-resized\"><img loading=\"lazy\" decoding=\"async\" width=\"700\" height=\"671\" src=\"https:\/\/www.yinyangklinik.dk\/wp-content\/uploads\/2020\/04\/MbpayNr1-e1699317954643-700x671.png\" alt=\"Du kan betale via Mobilepay Yin Yang Klinik. Priser pr. 1. januar 2023\" class=\"wp-image-951\" style=\"aspect-ratio:1.0432190760059612;width:84px;height:auto\" srcset=\"https:\/\/www.yinyangklinik.dk\/wp-content\/uploads\/2020\/04\/MbpayNr1-e1699317954643-700x671.png 700w, https:\/\/www.yinyangklinik.dk\/wp-content\/uploads\/2020\/04\/MbpayNr1-e1699317954643-300x287.png 300w, https:\/\/www.yinyangklinik.dk\/wp-content\/uploads\/2020\/04\/MbpayNr1-e1699317954643-768x736.png 768w, https:\/\/www.yinyangklinik.dk\/wp-content\/uploads\/2020\/04\/MbpayNr1-e1699317954643.png 1379w\" sizes=\"(max-width: 700px) 100vw, 700px\" \/><\/figure>\n\n\n\n<p>\u2192 <a href=\"https:\/\/www.yinyangklinik.dk\/index.php\/tidsbestilling-bestil-tid\/\">G\u00e5 til tidsbestilling<\/a><\/p>\n\n\n\n<div class=\"wp-block-getwid-advanced-spacer\" style=\"height:3vh\" aria-hidden=\"true\"><\/div>\n\n\n<div class=\"jg-force-full-width\"><\/p>\n\n\n<hr class=\"wp-block-separator has-css-opacity is-style-wide\"\/>\n\n\n<p><\/div>\n\n\n<div class=\"wp-block-getwid-advanced-spacer\" style=\"height:3vh\" aria-hidden=\"true\"><\/div>\n\n\n\n<h2 class=\"wp-block-heading has-black-color has-text-color\"><strong>Afbud<\/strong><\/h2>\n\n\n\n<p>Afbud, skal det ske senest dagen f\u00f8r, ved at <strong>ringe<\/strong> eller sende en <strong>SMS<\/strong> til klinikken.<\/p>\n\n\n\n<div class=\"wp-block-getwid-icon-box has-icon-left has-text-center\"><div style=\"margin-bottom:2vh\" class=\"wp-block-getwid-icon-box__icon-container is-position-middle\"><div class=\"wp-block-getwid-icon-box__icon-wrapper\" style=\"font-size:37px;padding:8px\"><i class=\"fas fa-mobile-alt\"><\/i><\/div><\/div><div class=\"wp-block-getwid-icon-box__content\">\n<p class=\"has-text-align-left\">30 25 22 38 <\/p>\n<\/div><\/div>\n\n\n\n<div class=\"wp-block-getwid-advanced-spacer\" style=\"height:2vh\" aria-hidden=\"true\"><\/div>\n\n\n\n<p>Bem\u00e6rk ! Det er ikke muligt at melde afbud via e-mail.<\/p>\n\n\n\n<p>Har du booket tid via vores online bookingsystem, kan du selv nemt \u00e6ndre eller aflyse din tid p\u00e5 \u2192 <a href=\"https:\/\/yin-yang-klinik.planway.com\" target=\"_blank\" rel=\"noopener noreferrer\">Onlinebooking.<\/a> Tider booket i onlinesystemet kan senest aflyses 12 timer f\u00f8r behandling.<\/p>\n\n\n\n<div class=\"wp-block-getwid-advanced-spacer\" style=\"height:3vh\" aria-hidden=\"true\"><\/div>\n\n\n\n<h2 class=\"wp-block-heading has-black-color has-text-color\"><strong>Udeblivelse<\/strong><\/h2>\n\n\n\n<p>Ved udeblivelse uden afbud p\u00e5regnes fuld behandlingspris.<\/p>\n\n\n\n<p>Se vores priser i prislisten \u00f8verst p\u00e5 siden.<\/p>\n\n\n\n<div class=\"wp-block-getwid-advanced-spacer\" style=\"height:3vh\" aria-hidden=\"true\"><\/div>\n\n\n<div class=\"jg-force-full-width\"><\/p>\n\n\n<hr class=\"wp-block-separator has-alpha-channel-opacity is-style-wide\"\/>\n\n\n<p><\/div>\n\n\n<div class=\"wp-block-getwid-advanced-spacer\" style=\"height:3vh\" aria-hidden=\"true\"><\/div>\n\n\n\n<h2 class=\"wp-block-heading has-black-color has-text-color\"><strong>Tilskud til akupunktur<\/strong> <\/h2>\n\n\n\n<p>De fleste sundhedsforsikringer giver tilskud til akupunktur. Har du en sundhedsforsikring, s\u00e5 pr\u00f8v at kontakte dit forsikringsselskab og h\u00f8r om din sundhedsforsikring giver tilskud til akupunktur. <\/p>\n\n\n\n<p><a name=\"tilskud\" id=\"tilskud\"><\/a>Hvis du er medlem af Sygeforsikringen &#8220;danmark&#8221;, s\u00e5 kan du f\u00e5 tilskud til akupunktur. Dette afh\u00e6nger dog af din forsikringsgruppe. I \u00f8jeblikket omfatter tilskuddet forsikringsgruppe 1, 2 og 5. Det er endvidere et krav, at behandlingen udf\u00f8res af en Registreret Alternativ Behandler (RAB) som har indg\u00e5et aftale med Sygeforsikringen &#8220;danmark&#8221; og at du har f\u00e5et stillet diagnosen af din l\u00e6ge.<\/p>\n\n\n\n<p>Der gives 115 kr til f\u00f8rste behandling og 75 kr til de efterf\u00f8lgende 8 behandlinger. Der kan maksimum inden for 12 m\u00e5neder gives samlet tilskud p\u00e5 715 kr.<\/p>\n\n\n\n<p><a href=\"https:\/\/www.sygeforsikring.dk\/tilskud\/akupunktur\" target=\"_blank\" rel=\"noopener noreferrer\">Sygeforsikring &#8220;danmark&#8221; &#8211; Tilskud til akupunktur<\/a><\/p>\n","protected":false},"excerpt":{"rendered":"<p>Priser pr. 1. januar 2024 Betaling Betaling foreg\u00e5r kontant eller via MobilePay. \u2192 G\u00e5 til tidsbestilling Afbud Afbud, skal det ske senest dagen f\u00f8r, ved at ringe eller sende en SMS til klinikken. Bem\u00e6rk ! Det er ikke muligt at melde afbud via e-mail. Har du booket tid via vores online bookingsystem, kan du selv &hellip; <\/p>\n<p class=\"link-more\"><a href=\"https:\/\/www.yinyangklinik.dk\/index.php\/priser\/\" class=\"more-link\">L\u00e6s videre<span class=\"screen-reader-text\"> &#8220;Priser&#8221;<\/span><\/a><\/p>\n","protected":false},"author":1,"featured_media":0,"parent":0,"menu_order":0,"comment_status":"closed","ping_status":"closed","template":"","meta":{"_monsterinsights_skip_tracking":false,"_monsterinsights_sitenote_active":false,"_monsterinsights_sitenote_note":"","_monsterinsights_sitenote_category":0,"footnotes":""},"yoast_head":"<!-- This site is optimized with the Yoast SEO plugin v22.6 - https:\/\/yoast.com\/wordpress\/plugins\/seo\/ -->\n<title>Priser - Yin Yang Klinik - Akupunktur - Behandling - Mobilepay<\/title>\n<meta name=\"description\" content=\"Priser for akupunkturbehandling hos Yin Yang Klinik. Betaling foreg\u00e5r kontant eller via Mobilepay. Sygeforsikringen &quot;danmark&quot; giver tilskud til akupunktur\" \/>\n<meta name=\"robots\" content=\"index, follow, max-snippet:-1, max-image-preview:large, max-video-preview:-1\" \/>\n<link rel=\"canonical\" href=\"https:\/\/www.yinyangklinik.dk\/index.php\/priser\/\" \/>\n<meta property=\"og:locale\" content=\"da_DK\" \/>\n<meta property=\"og:type\" content=\"article\" \/>\n<meta property=\"og:title\" content=\"Priser - Yin Yang Klinik - Akupunktur - Behandling - Mobilepay\" \/>\n<meta property=\"og:description\" content=\"Priser for akupunkturbehandling hos Yin Yang Klinik. Betaling foreg\u00e5r kontant eller via Mobilepay. Sygeforsikringen &quot;danmark&quot; giver tilskud til akupunktur\" \/>\n<meta property=\"og:url\" content=\"https:\/\/www.yinyangklinik.dk\/index.php\/priser\/\" \/>\n<meta property=\"og:site_name\" content=\"Yin Yang Klinik\" \/>\n<meta property=\"article:modified_time\" content=\"2024-05-01T16:47:32+00:00\" \/>\n<meta property=\"og:image\" content=\"https:\/\/www.yinyangklinik.dk\/wp-content\/uploads\/2020\/04\/MbpayNr1-e1699317954643-700x671.png\" \/>\n<meta name=\"twitter:card\" content=\"summary_large_image\" \/>\n<meta name=\"twitter:label1\" content=\"Estimeret l\u00e6setid\" \/>\n\t<meta name=\"twitter:data1\" content=\"2 minutter\" \/>\n<script type=\"application\/ld+json\" class=\"yoast-schema-graph\">{\"@context\":\"https:\/\/schema.org\",\"@graph\":[{\"@type\":\"WebPage\",\"@id\":\"https:\/\/www.yinyangklinik.dk\/index.php\/priser\/\",\"url\":\"https:\/\/www.yinyangklinik.dk\/index.php\/priser\/\",\"name\":\"Priser - Yin Yang Klinik - Akupunktur - Behandling - Mobilepay\",\"isPartOf\":{\"@id\":\"https:\/\/www.yinyangklinik.dk\/#website\"},\"primaryImageOfPage\":{\"@id\":\"https:\/\/www.yinyangklinik.dk\/index.php\/priser\/#primaryimage\"},\"image\":{\"@id\":\"https:\/\/www.yinyangklinik.dk\/index.php\/priser\/#primaryimage\"},\"thumbnailUrl\":\"https:\/\/www.yinyangklinik.dk\/wp-content\/uploads\/2020\/04\/MbpayNr1-e1699317954643-700x671.png\",\"datePublished\":\"2020-04-09T20:56:45+00:00\",\"dateModified\":\"2024-05-01T16:47:32+00:00\",\"description\":\"Priser for akupunkturbehandling hos Yin Yang Klinik. Betaling foreg\u00e5r kontant eller via Mobilepay. Sygeforsikringen \\\"danmark\\\" giver tilskud til akupunktur\",\"breadcrumb\":{\"@id\":\"https:\/\/www.yinyangklinik.dk\/index.php\/priser\/#breadcrumb\"},\"inLanguage\":\"da-DK\",\"potentialAction\":[{\"@type\":\"ReadAction\",\"target\":[\"https:\/\/www.yinyangklinik.dk\/index.php\/priser\/\"]}]},{\"@type\":\"ImageObject\",\"inLanguage\":\"da-DK\",\"@id\":\"https:\/\/www.yinyangklinik.dk\/index.php\/priser\/#primaryimage\",\"url\":\"https:\/\/www.yinyangklinik.dk\/wp-content\/uploads\/2020\/04\/MbpayNr1-e1699317954643.png\",\"contentUrl\":\"https:\/\/www.yinyangklinik.dk\/wp-content\/uploads\/2020\/04\/MbpayNr1-e1699317954643.png\",\"width\":1379,\"height\":1321,\"caption\":\"Du kan betale via Mobilepay Yin Yang Klinik. Priser pr. 1. januar 2023\"},{\"@type\":\"BreadcrumbList\",\"@id\":\"https:\/\/www.yinyangklinik.dk\/index.php\/priser\/#breadcrumb\",\"itemListElement\":[{\"@type\":\"ListItem\",\"position\":1,\"name\":\"Hjem\",\"item\":\"https:\/\/www.yinyangklinik.dk\/\"},{\"@type\":\"ListItem\",\"position\":2,\"name\":\"Priser\"}]},{\"@type\":\"WebSite\",\"@id\":\"https:\/\/www.yinyangklinik.dk\/#website\",\"url\":\"https:\/\/www.yinyangklinik.dk\/\",\"name\":\"Yin Yang Klinik\",\"description\":\"Akupunkturklinik i Kalundborg\",\"publisher\":{\"@id\":\"https:\/\/www.yinyangklinik.dk\/#organization\"},\"potentialAction\":[{\"@type\":\"SearchAction\",\"target\":{\"@type\":\"EntryPoint\",\"urlTemplate\":\"https:\/\/www.yinyangklinik.dk\/?s={search_term_string}\"},\"query-input\":\"required name=search_term_string\"}],\"inLanguage\":\"da-DK\"},{\"@type\":\"Organization\",\"@id\":\"https:\/\/www.yinyangklinik.dk\/#organization\",\"name\":\"Yin Yang Klinik\",\"url\":\"https:\/\/www.yinyangklinik.dk\/\",\"logo\":{\"@type\":\"ImageObject\",\"inLanguage\":\"da-DK\",\"@id\":\"https:\/\/www.yinyangklinik.dk\/#\/schema\/logo\/image\/\",\"url\":\"https:\/\/www.yinyangklinik.dk\/wp-content\/uploads\/2020\/06\/cropped-Yin-Yang-Klinik-logo.png\",\"contentUrl\":\"https:\/\/www.yinyangklinik.dk\/wp-content\/uploads\/2020\/06\/cropped-Yin-Yang-Klinik-logo.png\",\"width\":250,\"height\":250,\"caption\":\"Yin Yang Klinik\"},\"image\":{\"@id\":\"https:\/\/www.yinyangklinik.dk\/#\/schema\/logo\/image\/\"}}]}<\/script>\n<!-- \/ Yoast SEO plugin. -->","yoast_head_json":{"title":"Priser - Yin Yang Klinik - Akupunktur - Behandling - Mobilepay","description":"Priser for akupunkturbehandling hos Yin Yang Klinik. Betaling foreg\u00e5r kontant eller via Mobilepay. Sygeforsikringen \"danmark\" giver tilskud til akupunktur","robots":{"index":"index","follow":"follow","max-snippet":"max-snippet:-1","max-image-preview":"max-image-preview:large","max-video-preview":"max-video-preview:-1"},"canonical":"https:\/\/www.yinyangklinik.dk\/index.php\/priser\/","og_locale":"da_DK","og_type":"article","og_title":"Priser - Yin Yang Klinik - Akupunktur - Behandling - Mobilepay","og_description":"Priser for akupunkturbehandling hos Yin Yang Klinik. Betaling foreg\u00e5r kontant eller via Mobilepay. Sygeforsikringen \"danmark\" giver tilskud til akupunktur","og_url":"https:\/\/www.yinyangklinik.dk\/index.php\/priser\/","og_site_name":"Yin Yang Klinik","article_modified_time":"2024-05-01T16:47:32+00:00","og_image":[{"url":"https:\/\/www.yinyangklinik.dk\/wp-content\/uploads\/2020\/04\/MbpayNr1-e1699317954643-700x671.png"}],"twitter_card":"summary_large_image","twitter_misc":{"Estimeret l\u00e6setid":"2 minutter"},"schema":{"@context":"https:\/\/schema.org","@graph":[{"@type":"WebPage","@id":"https:\/\/www.yinyangklinik.dk\/index.php\/priser\/","url":"https:\/\/www.yinyangklinik.dk\/index.php\/priser\/","name":"Priser - Yin Yang Klinik - Akupunktur - Behandling - Mobilepay","isPartOf":{"@id":"https:\/\/www.yinyangklinik.dk\/#website"},"primaryImageOfPage":{"@id":"https:\/\/www.yinyangklinik.dk\/index.php\/priser\/#primaryimage"},"image":{"@id":"https:\/\/www.yinyangklinik.dk\/index.php\/priser\/#primaryimage"},"thumbnailUrl":"https:\/\/www.yinyangklinik.dk\/wp-content\/uploads\/2020\/04\/MbpayNr1-e1699317954643-700x671.png","datePublished":"2020-04-09T20:56:45+00:00","dateModified":"2024-05-01T16:47:32+00:00","description":"Priser for akupunkturbehandling hos Yin Yang Klinik. Betaling foreg\u00e5r kontant eller via Mobilepay. Sygeforsikringen \"danmark\" giver tilskud til akupunktur","breadcrumb":{"@id":"https:\/\/www.yinyangklinik.dk\/index.php\/priser\/#breadcrumb"},"inLanguage":"da-DK","potentialAction":[{"@type":"ReadAction","target":["https:\/\/www.yinyangklinik.dk\/index.php\/priser\/"]}]},{"@type":"ImageObject","inLanguage":"da-DK","@id":"https:\/\/www.yinyangklinik.dk\/index.php\/priser\/#primaryimage","url":"https:\/\/www.yinyangklinik.dk\/wp-content\/uploads\/2020\/04\/MbpayNr1-e1699317954643.png","contentUrl":"https:\/\/www.yinyangklinik.dk\/wp-content\/uploads\/2020\/04\/MbpayNr1-e1699317954643.png","width":1379,"height":1321,"caption":"Du kan betale via Mobilepay Yin Yang Klinik. Priser pr. 1. januar 2023"},{"@type":"BreadcrumbList","@id":"https:\/\/www.yinyangklinik.dk\/index.php\/priser\/#breadcrumb","itemListElement":[{"@type":"ListItem","position":1,"name":"Hjem","item":"https:\/\/www.yinyangklinik.dk\/"},{"@type":"ListItem","position":2,"name":"Priser"}]},{"@type":"WebSite","@id":"https:\/\/www.yinyangklinik.dk\/#website","url":"https:\/\/www.yinyangklinik.dk\/","name":"Yin Yang Klinik","description":"Akupunkturklinik i Kalundborg","publisher":{"@id":"https:\/\/www.yinyangklinik.dk\/#organization"},"potentialAction":[{"@type":"SearchAction","target":{"@type":"EntryPoint","urlTemplate":"https:\/\/www.yinyangklinik.dk\/?s={search_term_string}"},"query-input":"required name=search_term_string"}],"inLanguage":"da-DK"},{"@type":"Organization","@id":"https:\/\/www.yinyangklinik.dk\/#organization","name":"Yin Yang Klinik","url":"https:\/\/www.yinyangklinik.dk\/","logo":{"@type":"ImageObject","inLanguage":"da-DK","@id":"https:\/\/www.yinyangklinik.dk\/#\/schema\/logo\/image\/","url":"https:\/\/www.yinyangklinik.dk\/wp-content\/uploads\/2020\/06\/cropped-Yin-Yang-Klinik-logo.png","contentUrl":"https:\/\/www.yinyangklinik.dk\/wp-content\/uploads\/2020\/06\/cropped-Yin-Yang-Klinik-logo.png","width":250,"height":250,"caption":"Yin Yang Klinik"},"image":{"@id":"https:\/\/www.yinyangklinik.dk\/#\/schema\/logo\/image\/"}}]}},"_links":{"self":[{"href":"https:\/\/www.yinyangklinik.dk\/index.php\/wp-json\/wp\/v2\/pages\/884"}],"collection":[{"href":"https:\/\/www.yinyangklinik.dk\/index.php\/wp-json\/wp\/v2\/pages"}],"about":[{"href":"https:\/\/www.yinyangklinik.dk\/index.php\/wp-json\/wp\/v2\/types\/page"}],"author":[{"embeddable":true,"href":"https:\/\/www.yinyangklinik.dk\/index.php\/wp-json\/wp\/v2\/users\/1"}],"replies":[{"embeddable":true,"href":"https:\/\/www.yinyangklinik.dk\/index.php\/wp-json\/wp\/v2\/comments?post=884"}],"version-history":[{"count":230,"href":"https:\/\/www.yinyangklinik.dk\/index.php\/wp-json\/wp\/v2\/pages\/884\/revisions"}],"predecessor-version":[{"id":3995,"href":"https:\/\/www.yinyangklinik.dk\/index.php\/wp-json\/wp\/v2\/pages\/884\/revisions\/3995"}],"wp:attachment":[{"href":"https:\/\/www.yinyangklinik.dk\/index.php\/wp-json\/wp\/v2\/media?parent=884"}],"curies":[{"name":"wp","href":"https:\/\/api.w.org\/{rel}","templated":true}]}}