{"id":744,"date":"2020-04-06T23:33:27","date_gmt":"2020-04-06T22:33:27","guid":{"rendered":"https:\/\/www.yinyangklinik.dk\/?page_id=744"},"modified":"2021-03-25T01:22:55","modified_gmt":"2021-03-25T00:22:55","slug":"tidsbestilling-bestil-tid","status":"publish","type":"page","link":"https:\/\/www.yinyangklinik.dk\/index.php\/tidsbestilling-bestil-tid\/","title":{"rendered":"Tidsbestilling"},"content":{"rendered":"\n<p>Bestil tid til akupunktur hos Yin Yang Klinik.<\/p>\n\n\n\n<p>Du kan bestille tid til akupunktur ved at ringe p\u00e5 nedenst\u00e5ende telefonnummer eller booke online ved at klikke p\u00e5 knappen &#8216;Book tid&#8217;.<\/p>\n\n\n\n<div class=\"wp-block-columns is-layout-flex wp-container-core-columns-layout-1 wp-block-columns-is-layout-flex\">\n<div class=\"wp-block-column is-layout-flow wp-block-column-is-layout-flow\">\n<div class=\"wp-block-getwid-icon-box has-text-center\"><div style=\"margin-top:26px;margin-bottom:37px\" class=\"wp-block-getwid-icon-box__icon-container has-layout-stacked is-position-top\"><div class=\"wp-block-getwid-icon-box__icon-wrapper\" style=\"font-size:48px;padding:0px\"><i class=\"fas fa-mobile-alt\"><\/i><\/div><\/div><div class=\"wp-block-getwid-icon-box__content\">\n<h3 class=\"wp-block-heading\">30 25 22 38<\/h3>\n<\/div><\/div>\n<\/div>\n\n\n\n<div class=\"wp-block-column is-layout-flow wp-block-column-is-layout-flow\">\n<div class=\"wp-block-buttons is-content-justification-center is-layout-flex wp-block-buttons-is-layout-flex\">\n<div class=\"wp-block-button\"><a class=\"wp-block-button__link has-very-dark-gray-background-color has-background\" href=\"https:\/\/yin-yang-klinik.planway.com\" target=\"_blank\" rel=\"noreferrer noopener\">Book tid<\/a><\/div>\n<\/div>\n\n\n\n<h3 class=\"has-text-align-center wp-block-heading\"><span style=\"color: #000000;\">Klik for at booke tid online<\/span><\/h3>\n<\/div>\n<\/div>\n\n\n<div class=\"jg-force-full-width\"><\/p>\n\n\n<hr class=\"wp-block-separator is-style-wide\"\/>\n\n\n<p><\/div>\n\n\n<p><strong>Vigtigt!<\/strong> F\u00f8r du kan bestille tid online, skal du v\u00e6re oprettet som bruger i bookingsystemet. Herefter kan du logge ind og bestille tid. Skriv gerne i kommentarfeltet, hvad du \u00f8nsker behandling for.<\/p>\n\n\n\n<p><strong>S\u00e5dan opretter du dig som bruger:<\/strong><\/p>\n\n\n\n<ol start=\"1\"><li>Klik p\u00e5 knappen &#8216;Book tid&#8217;.<\/li><li>Klik p\u00e5 &#8216;Opret bruger&#8217; og udfyld felterne: Navn, Email, Telefon, F\u00f8dselsdato.<\/li><li>Klik p\u00e5 &#8216;Opret ny bruger&#8217;.<\/li><li>Vent til sk\u00e6rmen automatisk skifter til Log ind menu.<\/li><li>Skriv din email-adresse og klik p\u00e5 &#8216;G\u00e5 videre&#8217;.<\/li><li>Bekr\u00e6ft oplysningerne ved at klikke p\u00e5 linket i den mail, der er blevet sendt til dig.<\/li><\/ol>\n\n\n\n<p><strong>S\u00e5dan booker du tid i bookingsystemet 1. gang:<\/strong><\/p>\n\n\n\n<ol><li>V\u00e6lg service med flueben ud for \u00e9n af de to behandlingsmuligheder og klik \u2018Videre\u2019.<\/li><li>V\u00e6lg dato og tidspunkt.<\/li><li>V\u00e6lg om du vil booke via Facebook eller dit telefonnummer og klik \u2018N\u00e6ste\u2019.<\/li><li>S\u00e6t flueben ved \u2018Jeg har l\u00e6st og accepteret betingelserne\u2019 og klik \u2018N\u00e6ste\u2019.<\/li><li>Skriv i kommentarfeltet, hvad du s\u00f8ger behandling for og klik \u2018Bekr\u00e6ft bestilling\u2019.<\/li><li>Klik p\u00e5 &#8216;G\u00e5 til kundelogin&#8217; og opret adgangskode.<\/li><li>Klik &#8216;Gem adgangskode og g\u00e5 til kundeprofil&#8217; &#8211; Her kan du se din bookede tid!<\/li><\/ol>\n\n\n\n<p><strong>N\u00e5r du efterf\u00f8lgende skal booke tid, g\u00f8r du f\u00f8lgende:<\/strong><\/p>\n\n\n\n<ul><li>Klik p\u00e5 knappen &#8216;Book tid&#8217;.<\/li><li>V\u00e6lg &#8216;Eksisterende kunde&#8217; ved at klikke p\u00e5 &#8216;Log ind&#8217;.<\/li><li>Indtast din e-mail og klik &#8216;G\u00e5 videre&#8217;.<\/li><li>Skriv din adgangskode og klik &#8216;Log ind&#8217; og klik derefter p\u00e5 &#8216;Book tid&#8217;.<\/li><li>F\u00f8lg herefter punkt 1-7 i beskrivelsen lige ovenfor.<\/li><\/ul>\n\n\n\n<p>Nedenfor kan du se videoer, der viser hvordan du opretter dig som bruger og bestiller tid online via bookingsystemet.<\/p>\n\n\n\n<figure class=\"wp-block-video\"><video controls poster=\"https:\/\/www.yinyangklinik.dk\/wp-content\/uploads\/2020\/03\/Plakat8.jpg\" src=\"https:\/\/www.yinyangklinik.dk\/wp-content\/uploads\/2020\/03\/Video1-Opret-bruger.mov\"><\/video><\/figure>\n\n\n\n<figure class=\"wp-block-video\"><video controls poster=\"https:\/\/www.yinyangklinik.dk\/wp-content\/uploads\/2020\/03\/Plakat2-1.jpg\" src=\"https:\/\/www.yinyangklinik.dk\/wp-content\/uploads\/2020\/03\/Book-tid.mov\"><\/video><\/figure>\n\n\n\n<p>\u2192 <a href=\"https:\/\/www.yinyangklinik.dk\/index.php\/priser\/\">G\u00e5 til priser<\/a><\/p>\n\n\n\n<div class=\"wp-block-getwid-advanced-spacer\" style=\"height:4vh\" aria-hidden=\"true\"><\/div>\n\n\n\n<h2 class=\"has-black-color has-text-color wp-block-heading\"><strong>Afbud<\/strong><\/h2>\n\n\n\n<p>Afbud, skal det ske senest dagen f\u00f8r, ved at <strong>ringe<\/strong> eller sende en <strong>SMS<\/strong> til klinikken.<\/p>\n\n\n\n<div class=\"wp-block-getwid-icon-box has-icon-left has-text-center\"><div style=\"margin-bottom:2vh\" class=\"wp-block-getwid-icon-box__icon-container is-position-middle\"><div class=\"wp-block-getwid-icon-box__icon-wrapper\" style=\"font-size:37px;padding:8px\"><i class=\"fas fa-mobile-alt\"><\/i><\/div><\/div><div class=\"wp-block-getwid-icon-box__content\">\n<p class=\"has-text-align-left\">30 25 22 38 <\/p>\n<\/div><\/div>\n\n\n\n<div class=\"wp-block-getwid-advanced-spacer\" style=\"height:2vh\" aria-hidden=\"true\"><\/div>\n\n\n\n<p>Bem\u00e6rk ! Det er ikke muligt at melde afbud via e-mail.<\/p>\n\n\n\n<p>Har du booket tid via vores online bookingsystem, kan du selv nemt \u00e6ndre eller aflyse din tid \u2192 <a href=\"https:\/\/yin-yang-klinik.planway.com\" target=\"_blank\" rel=\"noopener noreferrer\">Onlinebooking<\/a><\/p>\n\n\n\n<p>Tider booket i onlinesystemet kan senest aflyses 12 timer f\u00f8r behandling.<\/p>\n\n\n\n<div class=\"wp-block-getwid-advanced-spacer\" style=\"height:3vh\" aria-hidden=\"true\"><\/div>\n\n\n\n<h2 class=\"has-black-color has-text-color wp-block-heading\"><strong>Udeblivelse<\/strong><\/h2>\n\n\n\n<p>Ved udeblivelse uden afbud p\u00e5regnes fuld behandlingspris.<\/p>\n\n\n\n<p><\/p>\n","protected":false},"excerpt":{"rendered":"<p>Bestil tid til akupunktur hos Yin Yang Klinik. Du kan bestille tid til akupunktur ved at ringe p\u00e5 nedenst\u00e5ende telefonnummer eller booke online ved at klikke p\u00e5 knappen &#8216;Book tid&#8217;. Klik for at booke tid online Vigtigt! F\u00f8r du kan bestille tid online, skal du v\u00e6re oprettet som bruger i bookingsystemet. Herefter kan du logge &hellip; <\/p>\n<p class=\"link-more\"><a href=\"https:\/\/www.yinyangklinik.dk\/index.php\/tidsbestilling-bestil-tid\/\" class=\"more-link\">L\u00e6s videre<span class=\"screen-reader-text\"> &#8220;Tidsbestilling&#8221;<\/span><\/a><\/p>\n","protected":false},"author":1,"featured_media":0,"parent":0,"menu_order":0,"comment_status":"closed","ping_status":"closed","template":"","meta":{"_monsterinsights_skip_tracking":false,"_monsterinsights_sitenote_active":false,"_monsterinsights_sitenote_note":"","_monsterinsights_sitenote_category":0,"footnotes":""},"yoast_head":"<!-- This site is optimized with the Yoast SEO plugin v22.6 - https:\/\/yoast.com\/wordpress\/plugins\/seo\/ -->\n<title>Bestil tid - Yin Yang Klinik - Tidsbestilling - Akupunktur i Kalundborg<\/title>\n<meta name=\"description\" content=\"Bestil tid hos Yin Yang Klinik ved at ringe eller booke online. For at booke online, skal du f\u00f8rst oprette dig som bruger i bookingsystemet.\" \/>\n<meta name=\"robots\" content=\"index, follow, max-snippet:-1, max-image-preview:large, max-video-preview:-1\" \/>\n<link rel=\"canonical\" href=\"https:\/\/www.yinyangklinik.dk\/index.php\/tidsbestilling-bestil-tid\/\" \/>\n<meta property=\"og:locale\" content=\"da_DK\" \/>\n<meta property=\"og:type\" content=\"article\" \/>\n<meta property=\"og:title\" content=\"Bestil tid - Yin Yang Klinik - Tidsbestilling - Akupunktur i Kalundborg\" \/>\n<meta property=\"og:description\" content=\"Bestil tid hos Yin Yang Klinik ved at ringe eller booke online. For at booke online, skal du f\u00f8rst oprette dig som bruger i bookingsystemet.\" \/>\n<meta property=\"og:url\" content=\"https:\/\/www.yinyangklinik.dk\/index.php\/tidsbestilling-bestil-tid\/\" \/>\n<meta property=\"og:site_name\" content=\"Yin Yang Klinik\" \/>\n<meta property=\"article:modified_time\" content=\"2021-03-25T00:22:55+00:00\" \/>\n<meta name=\"twitter:card\" content=\"summary_large_image\" \/>\n<meta name=\"twitter:label1\" content=\"Estimeret l\u00e6setid\" \/>\n\t<meta name=\"twitter:data1\" content=\"2 minutter\" \/>\n<script type=\"application\/ld+json\" class=\"yoast-schema-graph\">{\"@context\":\"https:\/\/schema.org\",\"@graph\":[{\"@type\":\"WebPage\",\"@id\":\"https:\/\/www.yinyangklinik.dk\/index.php\/tidsbestilling-bestil-tid\/\",\"url\":\"https:\/\/www.yinyangklinik.dk\/index.php\/tidsbestilling-bestil-tid\/\",\"name\":\"Bestil tid - Yin Yang Klinik - Tidsbestilling - Akupunktur i Kalundborg\",\"isPartOf\":{\"@id\":\"https:\/\/www.yinyangklinik.dk\/#website\"},\"datePublished\":\"2020-04-06T22:33:27+00:00\",\"dateModified\":\"2021-03-25T00:22:55+00:00\",\"description\":\"Bestil tid hos Yin Yang Klinik ved at ringe eller booke online. For at booke online, skal du f\u00f8rst oprette dig som bruger i bookingsystemet.\",\"breadcrumb\":{\"@id\":\"https:\/\/www.yinyangklinik.dk\/index.php\/tidsbestilling-bestil-tid\/#breadcrumb\"},\"inLanguage\":\"da-DK\",\"potentialAction\":[{\"@type\":\"ReadAction\",\"target\":[\"https:\/\/www.yinyangklinik.dk\/index.php\/tidsbestilling-bestil-tid\/\"]}]},{\"@type\":\"BreadcrumbList\",\"@id\":\"https:\/\/www.yinyangklinik.dk\/index.php\/tidsbestilling-bestil-tid\/#breadcrumb\",\"itemListElement\":[{\"@type\":\"ListItem\",\"position\":1,\"name\":\"Hjem\",\"item\":\"https:\/\/www.yinyangklinik.dk\/\"},{\"@type\":\"ListItem\",\"position\":2,\"name\":\"Tidsbestilling\"}]},{\"@type\":\"WebSite\",\"@id\":\"https:\/\/www.yinyangklinik.dk\/#website\",\"url\":\"https:\/\/www.yinyangklinik.dk\/\",\"name\":\"Yin Yang Klinik\",\"description\":\"Akupunkturklinik i Kalundborg\",\"publisher\":{\"@id\":\"https:\/\/www.yinyangklinik.dk\/#organization\"},\"potentialAction\":[{\"@type\":\"SearchAction\",\"target\":{\"@type\":\"EntryPoint\",\"urlTemplate\":\"https:\/\/www.yinyangklinik.dk\/?s={search_term_string}\"},\"query-input\":\"required name=search_term_string\"}],\"inLanguage\":\"da-DK\"},{\"@type\":\"Organization\",\"@id\":\"https:\/\/www.yinyangklinik.dk\/#organization\",\"name\":\"Yin Yang Klinik\",\"url\":\"https:\/\/www.yinyangklinik.dk\/\",\"logo\":{\"@type\":\"ImageObject\",\"inLanguage\":\"da-DK\",\"@id\":\"https:\/\/www.yinyangklinik.dk\/#\/schema\/logo\/image\/\",\"url\":\"https:\/\/www.yinyangklinik.dk\/wp-content\/uploads\/2020\/06\/cropped-Yin-Yang-Klinik-logo.png\",\"contentUrl\":\"https:\/\/www.yinyangklinik.dk\/wp-content\/uploads\/2020\/06\/cropped-Yin-Yang-Klinik-logo.png\",\"width\":250,\"height\":250,\"caption\":\"Yin Yang Klinik\"},\"image\":{\"@id\":\"https:\/\/www.yinyangklinik.dk\/#\/schema\/logo\/image\/\"}}]}<\/script>\n<!-- \/ Yoast SEO plugin. -->","yoast_head_json":{"title":"Bestil tid - Yin Yang Klinik - Tidsbestilling - Akupunktur i Kalundborg","description":"Bestil tid hos Yin Yang Klinik ved at ringe eller booke online. For at booke online, skal du f\u00f8rst oprette dig som bruger i bookingsystemet.","robots":{"index":"index","follow":"follow","max-snippet":"max-snippet:-1","max-image-preview":"max-image-preview:large","max-video-preview":"max-video-preview:-1"},"canonical":"https:\/\/www.yinyangklinik.dk\/index.php\/tidsbestilling-bestil-tid\/","og_locale":"da_DK","og_type":"article","og_title":"Bestil tid - Yin Yang Klinik - Tidsbestilling - Akupunktur i Kalundborg","og_description":"Bestil tid hos Yin Yang Klinik ved at ringe eller booke online. For at booke online, skal du f\u00f8rst oprette dig som bruger i bookingsystemet.","og_url":"https:\/\/www.yinyangklinik.dk\/index.php\/tidsbestilling-bestil-tid\/","og_site_name":"Yin Yang Klinik","article_modified_time":"2021-03-25T00:22:55+00:00","twitter_card":"summary_large_image","twitter_misc":{"Estimeret l\u00e6setid":"2 minutter"},"schema":{"@context":"https:\/\/schema.org","@graph":[{"@type":"WebPage","@id":"https:\/\/www.yinyangklinik.dk\/index.php\/tidsbestilling-bestil-tid\/","url":"https:\/\/www.yinyangklinik.dk\/index.php\/tidsbestilling-bestil-tid\/","name":"Bestil tid - Yin Yang Klinik - Tidsbestilling - Akupunktur i Kalundborg","isPartOf":{"@id":"https:\/\/www.yinyangklinik.dk\/#website"},"datePublished":"2020-04-06T22:33:27+00:00","dateModified":"2021-03-25T00:22:55+00:00","description":"Bestil tid hos Yin Yang Klinik ved at ringe eller booke online. For at booke online, skal du f\u00f8rst oprette dig som bruger i bookingsystemet.","breadcrumb":{"@id":"https:\/\/www.yinyangklinik.dk\/index.php\/tidsbestilling-bestil-tid\/#breadcrumb"},"inLanguage":"da-DK","potentialAction":[{"@type":"ReadAction","target":["https:\/\/www.yinyangklinik.dk\/index.php\/tidsbestilling-bestil-tid\/"]}]},{"@type":"BreadcrumbList","@id":"https:\/\/www.yinyangklinik.dk\/index.php\/tidsbestilling-bestil-tid\/#breadcrumb","itemListElement":[{"@type":"ListItem","position":1,"name":"Hjem","item":"https:\/\/www.yinyangklinik.dk\/"},{"@type":"ListItem","position":2,"name":"Tidsbestilling"}]},{"@type":"WebSite","@id":"https:\/\/www.yinyangklinik.dk\/#website","url":"https:\/\/www.yinyangklinik.dk\/","name":"Yin Yang Klinik","description":"Akupunkturklinik i Kalundborg","publisher":{"@id":"https:\/\/www.yinyangklinik.dk\/#organization"},"potentialAction":[{"@type":"SearchAction","target":{"@type":"EntryPoint","urlTemplate":"https:\/\/www.yinyangklinik.dk\/?s={search_term_string}"},"query-input":"required name=search_term_string"}],"inLanguage":"da-DK"},{"@type":"Organization","@id":"https:\/\/www.yinyangklinik.dk\/#organization","name":"Yin Yang Klinik","url":"https:\/\/www.yinyangklinik.dk\/","logo":{"@type":"ImageObject","inLanguage":"da-DK","@id":"https:\/\/www.yinyangklinik.dk\/#\/schema\/logo\/image\/","url":"https:\/\/www.yinyangklinik.dk\/wp-content\/uploads\/2020\/06\/cropped-Yin-Yang-Klinik-logo.png","contentUrl":"https:\/\/www.yinyangklinik.dk\/wp-content\/uploads\/2020\/06\/cropped-Yin-Yang-Klinik-logo.png","width":250,"height":250,"caption":"Yin Yang Klinik"},"image":{"@id":"https:\/\/www.yinyangklinik.dk\/#\/schema\/logo\/image\/"}}]}},"_links":{"self":[{"href":"https:\/\/www.yinyangklinik.dk\/index.php\/wp-json\/wp\/v2\/pages\/744"}],"collection":[{"href":"https:\/\/www.yinyangklinik.dk\/index.php\/wp-json\/wp\/v2\/pages"}],"about":[{"href":"https:\/\/www.yinyangklinik.dk\/index.php\/wp-json\/wp\/v2\/types\/page"}],"author":[{"embeddable":true,"href":"https:\/\/www.yinyangklinik.dk\/index.php\/wp-json\/wp\/v2\/users\/1"}],"replies":[{"embeddable":true,"href":"https:\/\/www.yinyangklinik.dk\/index.php\/wp-json\/wp\/v2\/comments?post=744"}],"version-history":[{"count":118,"href":"https:\/\/www.yinyangklinik.dk\/index.php\/wp-json\/wp\/v2\/pages\/744\/revisions"}],"predecessor-version":[{"id":3753,"href":"https:\/\/www.yinyangklinik.dk\/index.php\/wp-json\/wp\/v2\/pages\/744\/revisions\/3753"}],"wp:attachment":[{"href":"https:\/\/www.yinyangklinik.dk\/index.php\/wp-json\/wp\/v2\/media?parent=744"}],"curies":[{"name":"wp","href":"https:\/\/api.w.org\/{rel}","templated":true}]}}