{"id":242,"date":"2020-03-13T00:15:16","date_gmt":"2020-03-12T23:15:16","guid":{"rendered":"https:\/\/www.yinyangklinik.dk\/?page_id=242"},"modified":"2023-11-07T23:36:13","modified_gmt":"2023-11-07T22:36:13","slug":"om-akupunktur-2","status":"publish","type":"page","link":"https:\/\/www.yinyangklinik.dk\/index.php\/om-akupunktur-2\/","title":{"rendered":"Om Akupunktur"},"content":{"rendered":"\n<h2 class=\"wp-block-heading has-black-color has-text-color\"><strong>Akupunktur &amp; Traditionel Kinesisk Medicin<\/strong><\/h2>\n\n\n\n<p>Akupunktur, eller <em>Zhen-Jiu<\/em>, som det hedder p\u00e5 kinesisk er en del af Traditionel Kinesisk Medicin (TKM), som er en flere tusind \u00e5r gammel l\u00e6gevidenskab med sit eget diagnose- og behandlingssystem. Internationalt anvendes betegnelsen &#8216;Traditional Chinese Medicine&#8217; (TCM). <br>Inden for traditionel kinesisk medicin tilstr\u00e6ber man at \u00f8ge livskvaliteten, forebygge sygdom og genetablere balance. Hertil anvendes blandt andet n\u00e5le, urter, krops\u00f8velser, samt kost- og livsstilsvejledning.<\/p>\n\n\n\n<div class=\"wp-block-getwid-advanced-spacer\" style=\"height:3vh\" aria-hidden=\"true\"><\/div>\n\n\n\n<h6 class=\"wp-block-heading has-black-color has-text-color\" style=\"font-size:15px\">Akupunktur<\/h6>\n\n\n\n<p>Ordet \u201cakupunktur\u201d stammer fra de to latinske ord; \u201cAcus\u201d, der betyder n\u00e5l eller spids, og \u201cpungere\u201d, der betyder punktere eller stikke. Betegnelsen er alts\u00e5 en vestlig konstrueret term, men er i dag blevet en international anvendt betegnelse for behandlingsmetoden.<\/p>\n\n\n\n<h3 class=\"wp-block-heading has-black-color has-text-color\" style=\"font-size:15px\"><strong>Meridianer og qi<\/strong><\/h3>\n\n\n\n<p>Et centralt begreb i akupunkturenen er <em>qi<\/em>, som er energi, der bev\u00e6ger sig rundt i kroppen via et kanalsystem, der kaldes meridiansystemet. Denne energi kan kontaktes ved at is\u00e6tte n\u00e5le i huden p\u00e5 bestemte punkter p\u00e5 meridianerne i kroppen og herved skabe balance og fremme sundhed. Selv om meridianbanerne kan minde lidt om blodbanerne og nervesystemet, har de et anderledes forl\u00f8b og f\u00f8lger alts\u00e5 ikke disse.<\/p>\n\n\n\n<h3 class=\"wp-block-heading has-black-color has-text-color\" style=\"font-size:15px\"><strong>Akupunkturpunkter<\/strong><\/h3>\n\n\n\n<p>P\u00e5 kroppen findes der 361 klassiske akupunkturpunkter, som fordeler sig p\u00e5 de 12 regul\u00e6re meridianer, samt p\u00e5 Du og Ren meridianerne, som er 2 af de i alt 8 ekstraordin\u00e6re meridianer. Med tiden er der dog blevet tilf\u00f8jet en lang r\u00e6kke s\u00e5kaldte ekstra punkter, hvoraf mange ligger placeret uden for meridianerne. Alle akupunkturpunkterne har deres eget navn, nummer og egenskaber.<\/p>\n\n\n\n<div class=\"wp-block-getwid-advanced-spacer\" style=\"height:3vh\" aria-hidden=\"true\"><\/div>\n\n\n<div class=\"wp-block-image\">\n<figure class=\"aligncenter size-large is-resized\"><img loading=\"lazy\" decoding=\"async\" width=\"480\" height=\"720\" src=\"https:\/\/www.yinyangklinik.dk\/wp-content\/uploads\/2020\/05\/Meridianer-og-akupunkturpunkter.jpg\" alt=\"Akupunktur - Meridianer og akupunkturpunkter\" class=\"wp-image-2206\" style=\"width:240px;height:360px\" srcset=\"https:\/\/www.yinyangklinik.dk\/wp-content\/uploads\/2020\/05\/Meridianer-og-akupunkturpunkter.jpg 480w, https:\/\/www.yinyangklinik.dk\/wp-content\/uploads\/2020\/05\/Meridianer-og-akupunkturpunkter-200x300.jpg 200w\" sizes=\"(max-width: 480px) 100vw, 480px\" \/><\/figure><\/div>\n\n\n<div class=\"wp-block-getwid-advanced-spacer\" style=\"height:3vh\" aria-hidden=\"true\"><\/div>\n\n\n\n<h3 class=\"wp-block-heading has-black-color has-text-color\" style=\"font-size:15px\"><strong>Taoisme &#8211; yin og yang<\/strong><\/h3>\n\n\n\n<p>Traditionel kinesisk medicin og dermed ogs\u00e5 akupunktur bygger f\u00f8rst og fremmest p\u00e5 taoismen og dens holistiske filosofi, hvor alt skal ses som en del af en helhed. If\u00f8lge taoismen kan man ikke forst\u00e5 en enkelt del af kroppen, uden at se denne som en del af hele kroppen. I Taoismen indg\u00e5r ogs\u00e5 teorien om Yin og Yang og disse er fundamentale begreber inden for akupunkturen. De er hinandens mods\u00e6tninger, men er samtidig fuldst\u00e6ndig afh\u00e6ngige af hinanden. Yin er det m\u00f8rke, langsomme og k\u00f8lige, mens yang er det lyse, hurtige og varme. N\u00e5r yin og yang er i balance, er kroppen det ogs\u00e5. Derfor drejer mange akupunkturbehandlinger sig om at f\u00e5 skabt balance mellem yin og yang.<\/p>\n\n\n\n<div class=\"wp-block-getwid-advanced-spacer\" style=\"height:3vh\" aria-hidden=\"true\"><\/div>\n\n\n<div class=\"wp-block-image\">\n<figure class=\"aligncenter size-large is-resized\"><img loading=\"lazy\" decoding=\"async\" width=\"700\" height=\"700\" src=\"https:\/\/www.yinyangklinik.dk\/wp-content\/uploads\/2020\/05\/yin-yang-700x700.png\" alt=\"yin yang taoisme og akupunktur\" class=\"wp-image-2269\" style=\"width:280px;height:280px\" srcset=\"https:\/\/www.yinyangklinik.dk\/wp-content\/uploads\/2020\/05\/yin-yang-700x700.png 700w, https:\/\/www.yinyangklinik.dk\/wp-content\/uploads\/2020\/05\/yin-yang-300x300.png 300w, https:\/\/www.yinyangklinik.dk\/wp-content\/uploads\/2020\/05\/yin-yang-150x150.png 150w, https:\/\/www.yinyangklinik.dk\/wp-content\/uploads\/2020\/05\/yin-yang-768x768.png 768w, https:\/\/www.yinyangklinik.dk\/wp-content\/uploads\/2020\/05\/yin-yang-100x100.png 100w, https:\/\/www.yinyangklinik.dk\/wp-content\/uploads\/2020\/05\/yin-yang.png 1280w\" sizes=\"(max-width: 700px) 100vw, 700px\" \/><\/figure><\/div>\n\n\n<div class=\"wp-block-getwid-advanced-spacer\" style=\"height:3vh\" aria-hidden=\"true\"><\/div>\n\n\n\n<p>Nogle af de \u00f8vrige teorier der arbejdes med i akupunktur er &#8220;De 8 principper&#8221;, \u201cDe 5 elementer\u201d, zang-fu (indre organer), organuret, samt de vitale substanser shen (sj\u00e6l), qi (energi), jin-ye (kropsv\u00e6sker), xue (blod) og jing (essens som best\u00e5r af f\u00f8r- og efterhimmelsk qi).<br>I akupunktur betragtes sygdom som et udtryk for ubalance i kroppen eller en forstyrrelse af qi.<\/p>\n\n\n\n<p>\u2192 L\u00e6s mere hvordan akupunkturbehandling foreg\u00e5r her: <a href=\"https:\/\/www.yinyangklinik.dk\/index.php\/hvordan-foregaar-behandlingen-behandling\/\" rel=\"noopener noreferrer\">Behandling.<\/a><\/p>\n\n\n\n<h3 class=\"wp-block-heading has-black-color has-text-color\" style=\"font-size:15px\"><strong>Erfaringsvidenskab<\/strong><\/h3>\n\n\n\n<p>Mens vestlig l\u00e6gevidenskab hovedsageligt bygger p\u00e5 det der kan m\u00e5les og vejes (blodpr\u00f8ver, r\u00f8ntgenbilleder osv.), er akupunktur fortrinsvis en erfaringsvidenskab med en mere end 2.000 \u00e5r lang historie.<br>I kraft af akupunkturens fantastiske behandlingsresultater og den omfattende forskning inden for omr\u00e5det, er akupunkturen i dag blevet langt mere integreret med den vestlige verdens behandlingsformer og akupunktur indg\u00e5r derfor nu i patientbehandlingen p\u00e5 mange hospitaler verden over.<\/p>\n\n\n\n<div class=\"wp-block-getwid-advanced-spacer\" style=\"height:4vh\" aria-hidden=\"true\"><\/div>\n\n\n\n<h2 class=\"wp-block-heading has-black-color has-text-color\"><strong>Akupunkturens Historie<\/strong><\/h2>\n\n\n\n<h3 class=\"wp-block-heading has-black-color has-text-color\" style=\"font-size:15px\"><strong>&#8220;Den Gule Kejsers Klassiker&#8221;<\/strong><\/h3>\n\n\n\n<p><a name=\"Den-Gule-Kejsers-Klassiker\" id=\"Den-Gule-Kejsers-Klassiker\"><\/a>Den tidligste dokumentation, der omhandler akupunktur er intet mindre end verdens \u00e6ldste bog om medicin, \u201cDen Gule Kejsers Klassiker\u201d (Huang Di Nei Jing). Denne l\u00e6rebog om kinesisk l\u00e6gekunst best\u00e5r af to v\u00e6rker, <em>Su Wen<\/em> og <em>Ling shu<\/em>. F\u00f8rstn\u00e6vnte beskriver hvordan mennesket kommer i balance med sig selv, mens sidstn\u00e6vnte er en praktisk anvisning i akupunkturbehandling. Nyere forskning har fastsl\u00e5et at l\u00e6rebogen er skrevet i De Stridende Staters Periode (475 &#8211; 221) f. Kr. Den er skrevet som en samtale mellem den kinesiske kejser Huang Di (Den Gule Kejser, 2.698 &#8211; 2.589 f. Kr.) og hans minister Qi Bo. Samtalerne i bogen fandt sted for mere end 4.500 \u00e5r siden og bestod af kejserens sp\u00f8rgsm\u00e5l og ministerens svar p\u00e5 disse.<\/p>\n\n\n\n<div class=\"wp-block-getwid-advanced-spacer\" style=\"height:3vh\" aria-hidden=\"true\"><\/div>\n\n\n<div class=\"wp-block-image\">\n<figure class=\"aligncenter\"><img loading=\"lazy\" decoding=\"async\" width=\"225\" height=\"300\" src=\"https:\/\/www.yinyangklinik.dk\/wp-content\/uploads\/2020\/05\/Den-Gule-Kejsers-Klassiker-225x300.jpg\" alt=\"Huang Di Nei Jing - Den Gule Kejsers Klassiker - Den Gule Kejser\" class=\"wp-image-2446\" srcset=\"https:\/\/www.yinyangklinik.dk\/wp-content\/uploads\/2020\/05\/Den-Gule-Kejsers-Klassiker-225x300.jpg 225w, https:\/\/www.yinyangklinik.dk\/wp-content\/uploads\/2020\/05\/Den-Gule-Kejsers-Klassiker-700x933.jpg 700w, https:\/\/www.yinyangklinik.dk\/wp-content\/uploads\/2020\/05\/Den-Gule-Kejsers-Klassiker-768x1024.jpg 768w, https:\/\/www.yinyangklinik.dk\/wp-content\/uploads\/2020\/05\/Den-Gule-Kejsers-Klassiker-1152x1536.jpg 1152w, https:\/\/www.yinyangklinik.dk\/wp-content\/uploads\/2020\/05\/Den-Gule-Kejsers-Klassiker-1536x2048.jpg 1536w, https:\/\/www.yinyangklinik.dk\/wp-content\/uploads\/2020\/05\/Den-Gule-Kejsers-Klassiker-scaled.jpg 1920w\" sizes=\"(max-width: 225px) 100vw, 225px\" \/><\/figure><\/div>\n\n\n<div class=\"wp-block-getwid-advanced-spacer\" style=\"height:3vh\" aria-hidden=\"true\"><\/div>\n\n\n\n<h3 class=\"wp-block-heading has-black-color has-text-color\" style=\"font-size:15px\"><strong>Fund og kilder<\/strong><\/h3>\n\n\n\n<p>Fra Han (Huang) dynastiets tid (206 &#8211; 24 f. Kr.) har man beviselige fund, der dokumenterer brug af metaln\u00e5le i guld, bronze, st\u00e5l, samt skriftlige kilder om moxibustion, som er en s\u00e6rlig teknik inden for akupunkturen, hvor man ant\u00e6nder kinesisk gr\u00e5bynke for at skabe varme i akupunkturpunkterne.<\/p>\n\n\n\n<p>\u2192 L\u00e6s mere om kinesisk medicin og akupunkturens historie <a href=\"https:\/\/fdz.dk\/behandlingsformer\/akupunktur\/akupunkturens-historie\/\" target=\"_blank\" rel=\"noreferrer noopener\">her<\/a> <\/p>\n","protected":false},"excerpt":{"rendered":"<p>Akupunktur &amp; Traditionel Kinesisk Medicin Akupunktur, eller Zhen-Jiu, som det hedder p\u00e5 kinesisk er en del af Traditionel Kinesisk Medicin (TKM), som er en flere tusind \u00e5r gammel l\u00e6gevidenskab med sit eget diagnose- og behandlingssystem. Internationalt anvendes betegnelsen &#8216;Traditional Chinese Medicine&#8217; (TCM). Inden for traditionel kinesisk medicin tilstr\u00e6ber man at \u00f8ge livskvaliteten, forebygge sygdom og &hellip; <\/p>\n<p class=\"link-more\"><a href=\"https:\/\/www.yinyangklinik.dk\/index.php\/om-akupunktur-2\/\" class=\"more-link\">L\u00e6s videre<span class=\"screen-reader-text\"> &#8220;Om Akupunktur&#8221;<\/span><\/a><\/p>\n","protected":false},"author":1,"featured_media":0,"parent":0,"menu_order":0,"comment_status":"closed","ping_status":"closed","template":"","meta":{"_monsterinsights_skip_tracking":false,"_monsterinsights_sitenote_active":false,"_monsterinsights_sitenote_note":"","_monsterinsights_sitenote_category":0,"footnotes":""},"yoast_head":"<!-- This site is optimized with the Yoast SEO plugin v22.6 - https:\/\/yoast.com\/wordpress\/plugins\/seo\/ -->\n<title>Om Akupunktur - Akupunktur - TCM - Akupunkturens historie<\/title>\n<meta name=\"description\" content=\"Her kan du l\u00e6se om traditionel kinesisk medicin (TCM) og akupunktur. Akupunkturen udspringer af taoismen og dens holistiske filosofi.\" \/>\n<meta name=\"robots\" content=\"index, follow, max-snippet:-1, max-image-preview:large, max-video-preview:-1\" \/>\n<link rel=\"canonical\" href=\"https:\/\/www.yinyangklinik.dk\/index.php\/om-akupunktur-2\/\" \/>\n<meta property=\"og:locale\" content=\"da_DK\" \/>\n<meta property=\"og:type\" content=\"article\" \/>\n<meta property=\"og:title\" content=\"Om Akupunktur - Akupunktur - TCM - Akupunkturens historie\" \/>\n<meta property=\"og:description\" content=\"Her kan du l\u00e6se om traditionel kinesisk medicin (TCM) og akupunktur. Akupunkturen udspringer af taoismen og dens holistiske filosofi.\" \/>\n<meta property=\"og:url\" content=\"https:\/\/www.yinyangklinik.dk\/index.php\/om-akupunktur-2\/\" \/>\n<meta property=\"og:site_name\" content=\"Yin Yang Klinik\" \/>\n<meta property=\"article:modified_time\" content=\"2023-11-07T22:36:13+00:00\" \/>\n<meta property=\"og:image\" content=\"https:\/\/www.yinyangklinik.dk\/wp-content\/uploads\/2020\/05\/Meridianer-og-akupunkturpunkter.jpg\" \/>\n<meta name=\"twitter:card\" content=\"summary_large_image\" \/>\n<meta name=\"twitter:label1\" content=\"Estimeret l\u00e6setid\" \/>\n\t<meta name=\"twitter:data1\" content=\"5 minutter\" \/>\n<script type=\"application\/ld+json\" class=\"yoast-schema-graph\">{\"@context\":\"https:\/\/schema.org\",\"@graph\":[{\"@type\":\"WebPage\",\"@id\":\"https:\/\/www.yinyangklinik.dk\/index.php\/om-akupunktur-2\/\",\"url\":\"https:\/\/www.yinyangklinik.dk\/index.php\/om-akupunktur-2\/\",\"name\":\"Om Akupunktur - Akupunktur - TCM - Akupunkturens historie\",\"isPartOf\":{\"@id\":\"https:\/\/www.yinyangklinik.dk\/#website\"},\"primaryImageOfPage\":{\"@id\":\"https:\/\/www.yinyangklinik.dk\/index.php\/om-akupunktur-2\/#primaryimage\"},\"image\":{\"@id\":\"https:\/\/www.yinyangklinik.dk\/index.php\/om-akupunktur-2\/#primaryimage\"},\"thumbnailUrl\":\"https:\/\/www.yinyangklinik.dk\/wp-content\/uploads\/2020\/05\/Meridianer-og-akupunkturpunkter.jpg\",\"datePublished\":\"2020-03-12T23:15:16+00:00\",\"dateModified\":\"2023-11-07T22:36:13+00:00\",\"description\":\"Her kan du l\u00e6se om traditionel kinesisk medicin (TCM) og akupunktur. Akupunkturen udspringer af taoismen og dens holistiske filosofi.\",\"breadcrumb\":{\"@id\":\"https:\/\/www.yinyangklinik.dk\/index.php\/om-akupunktur-2\/#breadcrumb\"},\"inLanguage\":\"da-DK\",\"potentialAction\":[{\"@type\":\"ReadAction\",\"target\":[\"https:\/\/www.yinyangklinik.dk\/index.php\/om-akupunktur-2\/\"]}]},{\"@type\":\"ImageObject\",\"inLanguage\":\"da-DK\",\"@id\":\"https:\/\/www.yinyangklinik.dk\/index.php\/om-akupunktur-2\/#primaryimage\",\"url\":\"https:\/\/www.yinyangklinik.dk\/wp-content\/uploads\/2020\/05\/Meridianer-og-akupunkturpunkter.jpg\",\"contentUrl\":\"https:\/\/www.yinyangklinik.dk\/wp-content\/uploads\/2020\/05\/Meridianer-og-akupunkturpunkter.jpg\",\"width\":480,\"height\":720,\"caption\":\"Akupressur\"},{\"@type\":\"BreadcrumbList\",\"@id\":\"https:\/\/www.yinyangklinik.dk\/index.php\/om-akupunktur-2\/#breadcrumb\",\"itemListElement\":[{\"@type\":\"ListItem\",\"position\":1,\"name\":\"Hjem\",\"item\":\"https:\/\/www.yinyangklinik.dk\/\"},{\"@type\":\"ListItem\",\"position\":2,\"name\":\"Om Akupunktur\"}]},{\"@type\":\"WebSite\",\"@id\":\"https:\/\/www.yinyangklinik.dk\/#website\",\"url\":\"https:\/\/www.yinyangklinik.dk\/\",\"name\":\"Yin Yang Klinik\",\"description\":\"Akupunkturklinik i Kalundborg\",\"publisher\":{\"@id\":\"https:\/\/www.yinyangklinik.dk\/#organization\"},\"potentialAction\":[{\"@type\":\"SearchAction\",\"target\":{\"@type\":\"EntryPoint\",\"urlTemplate\":\"https:\/\/www.yinyangklinik.dk\/?s={search_term_string}\"},\"query-input\":\"required name=search_term_string\"}],\"inLanguage\":\"da-DK\"},{\"@type\":\"Organization\",\"@id\":\"https:\/\/www.yinyangklinik.dk\/#organization\",\"name\":\"Yin Yang Klinik\",\"url\":\"https:\/\/www.yinyangklinik.dk\/\",\"logo\":{\"@type\":\"ImageObject\",\"inLanguage\":\"da-DK\",\"@id\":\"https:\/\/www.yinyangklinik.dk\/#\/schema\/logo\/image\/\",\"url\":\"https:\/\/www.yinyangklinik.dk\/wp-content\/uploads\/2020\/06\/cropped-Yin-Yang-Klinik-logo.png\",\"contentUrl\":\"https:\/\/www.yinyangklinik.dk\/wp-content\/uploads\/2020\/06\/cropped-Yin-Yang-Klinik-logo.png\",\"width\":250,\"height\":250,\"caption\":\"Yin Yang Klinik\"},\"image\":{\"@id\":\"https:\/\/www.yinyangklinik.dk\/#\/schema\/logo\/image\/\"}}]}<\/script>\n<!-- \/ Yoast SEO plugin. -->","yoast_head_json":{"title":"Om Akupunktur - Akupunktur - TCM - Akupunkturens historie","description":"Her kan du l\u00e6se om traditionel kinesisk medicin (TCM) og akupunktur. Akupunkturen udspringer af taoismen og dens holistiske filosofi.","robots":{"index":"index","follow":"follow","max-snippet":"max-snippet:-1","max-image-preview":"max-image-preview:large","max-video-preview":"max-video-preview:-1"},"canonical":"https:\/\/www.yinyangklinik.dk\/index.php\/om-akupunktur-2\/","og_locale":"da_DK","og_type":"article","og_title":"Om Akupunktur - Akupunktur - TCM - Akupunkturens historie","og_description":"Her kan du l\u00e6se om traditionel kinesisk medicin (TCM) og akupunktur. Akupunkturen udspringer af taoismen og dens holistiske filosofi.","og_url":"https:\/\/www.yinyangklinik.dk\/index.php\/om-akupunktur-2\/","og_site_name":"Yin Yang Klinik","article_modified_time":"2023-11-07T22:36:13+00:00","og_image":[{"url":"https:\/\/www.yinyangklinik.dk\/wp-content\/uploads\/2020\/05\/Meridianer-og-akupunkturpunkter.jpg"}],"twitter_card":"summary_large_image","twitter_misc":{"Estimeret l\u00e6setid":"5 minutter"},"schema":{"@context":"https:\/\/schema.org","@graph":[{"@type":"WebPage","@id":"https:\/\/www.yinyangklinik.dk\/index.php\/om-akupunktur-2\/","url":"https:\/\/www.yinyangklinik.dk\/index.php\/om-akupunktur-2\/","name":"Om Akupunktur - Akupunktur - TCM - Akupunkturens historie","isPartOf":{"@id":"https:\/\/www.yinyangklinik.dk\/#website"},"primaryImageOfPage":{"@id":"https:\/\/www.yinyangklinik.dk\/index.php\/om-akupunktur-2\/#primaryimage"},"image":{"@id":"https:\/\/www.yinyangklinik.dk\/index.php\/om-akupunktur-2\/#primaryimage"},"thumbnailUrl":"https:\/\/www.yinyangklinik.dk\/wp-content\/uploads\/2020\/05\/Meridianer-og-akupunkturpunkter.jpg","datePublished":"2020-03-12T23:15:16+00:00","dateModified":"2023-11-07T22:36:13+00:00","description":"Her kan du l\u00e6se om traditionel kinesisk medicin (TCM) og akupunktur. Akupunkturen udspringer af taoismen og dens holistiske filosofi.","breadcrumb":{"@id":"https:\/\/www.yinyangklinik.dk\/index.php\/om-akupunktur-2\/#breadcrumb"},"inLanguage":"da-DK","potentialAction":[{"@type":"ReadAction","target":["https:\/\/www.yinyangklinik.dk\/index.php\/om-akupunktur-2\/"]}]},{"@type":"ImageObject","inLanguage":"da-DK","@id":"https:\/\/www.yinyangklinik.dk\/index.php\/om-akupunktur-2\/#primaryimage","url":"https:\/\/www.yinyangklinik.dk\/wp-content\/uploads\/2020\/05\/Meridianer-og-akupunkturpunkter.jpg","contentUrl":"https:\/\/www.yinyangklinik.dk\/wp-content\/uploads\/2020\/05\/Meridianer-og-akupunkturpunkter.jpg","width":480,"height":720,"caption":"Akupressur"},{"@type":"BreadcrumbList","@id":"https:\/\/www.yinyangklinik.dk\/index.php\/om-akupunktur-2\/#breadcrumb","itemListElement":[{"@type":"ListItem","position":1,"name":"Hjem","item":"https:\/\/www.yinyangklinik.dk\/"},{"@type":"ListItem","position":2,"name":"Om Akupunktur"}]},{"@type":"WebSite","@id":"https:\/\/www.yinyangklinik.dk\/#website","url":"https:\/\/www.yinyangklinik.dk\/","name":"Yin Yang Klinik","description":"Akupunkturklinik i Kalundborg","publisher":{"@id":"https:\/\/www.yinyangklinik.dk\/#organization"},"potentialAction":[{"@type":"SearchAction","target":{"@type":"EntryPoint","urlTemplate":"https:\/\/www.yinyangklinik.dk\/?s={search_term_string}"},"query-input":"required name=search_term_string"}],"inLanguage":"da-DK"},{"@type":"Organization","@id":"https:\/\/www.yinyangklinik.dk\/#organization","name":"Yin Yang Klinik","url":"https:\/\/www.yinyangklinik.dk\/","logo":{"@type":"ImageObject","inLanguage":"da-DK","@id":"https:\/\/www.yinyangklinik.dk\/#\/schema\/logo\/image\/","url":"https:\/\/www.yinyangklinik.dk\/wp-content\/uploads\/2020\/06\/cropped-Yin-Yang-Klinik-logo.png","contentUrl":"https:\/\/www.yinyangklinik.dk\/wp-content\/uploads\/2020\/06\/cropped-Yin-Yang-Klinik-logo.png","width":250,"height":250,"caption":"Yin Yang Klinik"},"image":{"@id":"https:\/\/www.yinyangklinik.dk\/#\/schema\/logo\/image\/"}}]}},"_links":{"self":[{"href":"https:\/\/www.yinyangklinik.dk\/index.php\/wp-json\/wp\/v2\/pages\/242"}],"collection":[{"href":"https:\/\/www.yinyangklinik.dk\/index.php\/wp-json\/wp\/v2\/pages"}],"about":[{"href":"https:\/\/www.yinyangklinik.dk\/index.php\/wp-json\/wp\/v2\/types\/page"}],"author":[{"embeddable":true,"href":"https:\/\/www.yinyangklinik.dk\/index.php\/wp-json\/wp\/v2\/users\/1"}],"replies":[{"embeddable":true,"href":"https:\/\/www.yinyangklinik.dk\/index.php\/wp-json\/wp\/v2\/comments?post=242"}],"version-history":[{"count":111,"href":"https:\/\/www.yinyangklinik.dk\/index.php\/wp-json\/wp\/v2\/pages\/242\/revisions"}],"predecessor-version":[{"id":3961,"href":"https:\/\/www.yinyangklinik.dk\/index.php\/wp-json\/wp\/v2\/pages\/242\/revisions\/3961"}],"wp:attachment":[{"href":"https:\/\/www.yinyangklinik.dk\/index.php\/wp-json\/wp\/v2\/media?parent=242"}],"curies":[{"name":"wp","href":"https:\/\/api.w.org\/{rel}","templated":true}]}}