{"id":147,"date":"2020-03-11T23:40:39","date_gmt":"2020-03-11T22:40:39","guid":{"rendered":"https:\/\/www.yinyangklinik.dk\/?page_id=147"},"modified":"2024-05-01T20:18:11","modified_gmt":"2024-05-01T19:18:11","slug":"forside-yin-yang-klinik","status":"publish","type":"page","link":"https:\/\/www.yinyangklinik.dk\/","title":{"rendered":"Yin Yang Klinik"},"content":{"rendered":"\n<div class=\"wp-block-columns is-layout-flex wp-container-core-columns-layout-1 wp-block-columns-is-layout-flex\">\n<div class=\"wp-block-column is-vertically-aligned-center is-layout-flow wp-block-column-is-layout-flow\">\n<p><span style=\"color: #000000;\">Velkommen til Yin Yang Klinik. <br><\/span>Jeg hedder Frank Bomholt. Jeg er akupunkt\u00f8r og indehaver af klinikken.<\/p>\n<\/div>\n\n\n\n<div class=\"wp-block-column is-layout-flow wp-block-column-is-layout-flow\">\n<p class=\"has-text-align-center\"><img loading=\"lazy\" decoding=\"async\" width=\"514\" height=\"496\" class=\"wp-image-2573\" style=\"width: 200px;\" src=\"https:\/\/www.yinyangklinik.dk\/wp-content\/uploads\/2020\/06\/Yin-Yang-Klinik-logo.png\" alt=\"Yin Yang Klinik logo - akupunktur i 4400 Kalundborg\" srcset=\"https:\/\/www.yinyangklinik.dk\/wp-content\/uploads\/2020\/06\/Yin-Yang-Klinik-logo.png 514w, https:\/\/www.yinyangklinik.dk\/wp-content\/uploads\/2020\/06\/Yin-Yang-Klinik-logo-300x289.png 300w\" sizes=\"(max-width: 514px) 100vw, 514px\" \/><\/p>\n<\/div>\n<\/div>\n\n\n\n<figure class=\"wp-block-image size-medium is-style-default\"><img loading=\"lazy\" decoding=\"async\" width=\"225\" height=\"300\" src=\"https:\/\/www.yinyangklinik.dk\/wp-content\/uploads\/2020\/05\/frankbomholt-225x300.jpg\" alt=\"Yin Yang Klinik - Akupunktur - Kalundborg - Frank Bomholt - Akupunkt\u00f8r\" class=\"wp-image-1240\" srcset=\"https:\/\/www.yinyangklinik.dk\/wp-content\/uploads\/2020\/05\/frankbomholt-225x300.jpg 225w, https:\/\/www.yinyangklinik.dk\/wp-content\/uploads\/2020\/05\/frankbomholt-700x933.jpg 700w, https:\/\/www.yinyangklinik.dk\/wp-content\/uploads\/2020\/05\/frankbomholt-768x1024.jpg 768w, https:\/\/www.yinyangklinik.dk\/wp-content\/uploads\/2020\/05\/frankbomholt-1152x1536.jpg 1152w, https:\/\/www.yinyangklinik.dk\/wp-content\/uploads\/2020\/05\/frankbomholt-1536x2048.jpg 1536w, https:\/\/www.yinyangklinik.dk\/wp-content\/uploads\/2020\/05\/frankbomholt-scaled.jpg 1920w\" sizes=\"(max-width: 225px) 100vw, 225px\" \/><\/figure>\n\n\n\n<p>Jeg er medlem af brancheforeningen Dansk Behandlerforbund og herudover er jeg RAB-registreret behandler. RAB (Registreret Alternativ Behandler) er en brancheadministreret registreringsordning underlagt Sundhedsstyrelsen, hvilket er dit kvalitetsstempel og din sikkerhed for at jeg opfylder en r\u00e6kke krav til grunduddannelse, fortl\u00f8bende efteruddannelse, regler for god klinisk praksis og meget mere. I praksis betyder det at jeg som akupunkt\u00f8r:<\/p>\n\n\n<ul>\n<li style=\"list-style-type: none;\">\n<ul>\n<li>Lever op til alle krav for medlemskab af brancheforeningen Dansk Behandlerforbund<\/li>\n<li>Er RAB (Registreret Alternativ Behandler) akupunkt\u00f8r<\/li>\n<li>Har en godkendt uddannelse inden for akupunktur og Traditionel Kinesisk Medicin<\/li>\n<li>Er underlagt regler om god klinisk praksis og etiske retningsliner<\/li>\n<li>Er godkendt til tilskud fra de fleste forsikringsselskaber og Sygeforsikringen \u201ddanmark\u201d<\/li>\n<li>Har en omfattende erhvervsansvarsforsikring<\/li>\n<li>Anvender udelukkende sterile \u00e9ngangsn\u00e5le<\/li>\n<li>Er forpligtet til fortl\u00f8bende at efteruddanne mig<\/li>\n<li>Er veluddannet i anatomi, fysiologi og sygdomsl\u00e6re m.m.<\/li>\n<\/ul>\n<\/li>\n<\/ul>\n<ul>\n<li style=\"list-style-type: none;\">\u00a0<\/li>\n<\/ul>\n\n\n<p>Jeg har f\u00f8rstehj\u00e6lpsbevis og kan ud\u00f8ve f\u00f8rstehj\u00e6lp og hjertelungeredning. Jeg deltager j\u00e6vnligt i f\u00f8rstehj\u00e6lpskurser for at holde min viden opdateret.<\/p>\n\n\n\n<p><br>Jeg har tilladelse til at udf\u00f8re n\u00e5leakupunktur p\u00e5 brystkassen. Jeg opfylder kravene til sundhedsm\u00e6ssig uddannelse og har gennemf\u00f8rt Thorax sikkerhedskursus, samt er registreret hos Styrelsen for Patientsikkerhed som akupunkt\u00f8r med ret til at udf\u00f8re n\u00e5leakupunktur p\u00e5 brystkassen.\u00a0Her kan du se Styrelsen for Patientsikkerheds liste over registrerede behandlere, som har tilladelse til at udf\u00f8re n\u00e5leakupunktur p\u00e5 brystkassen \u2192 <a href=\"https:\/\/stps.dk\/Media\/638494651086459044\/Oversigt%20over%20n%C3%A5leakupunkt%C3%B8rer-april2024.pdf\" target=\"_blank\" rel=\"noreferrer noopener\">Thorax akupunktur<\/a><\/p>\n\n\n\n<div class=\"wp-block-getwid-advanced-spacer\" style=\"height:6vh\" aria-hidden=\"true\"><\/div>\n\n\n\n<div class=\"wp-block-columns is-layout-flex wp-container-core-columns-layout-2 wp-block-columns-is-layout-flex\">\n<div class=\"wp-block-column is-layout-flow wp-block-column-is-layout-flow\"><div class=\"wp-block-image is-resized is-style-default\">\n<figure class=\"aligncenter size-large\"><img loading=\"lazy\" decoding=\"async\" width=\"700\" height=\"443\" src=\"https:\/\/www.yinyangklinik.dk\/wp-content\/uploads\/2021\/02\/RAB_logo_mindre02-700x443.png\" alt=\"\" class=\"wp-image-3091\" style=\"aspect-ratio:1.580135440180587;width:295px;height:auto\" srcset=\"https:\/\/www.yinyangklinik.dk\/wp-content\/uploads\/2021\/02\/RAB_logo_mindre02-700x443.png 700w, https:\/\/www.yinyangklinik.dk\/wp-content\/uploads\/2021\/02\/RAB_logo_mindre02-300x190.png 300w, https:\/\/www.yinyangklinik.dk\/wp-content\/uploads\/2021\/02\/RAB_logo_mindre02-768x486.png 768w, https:\/\/www.yinyangklinik.dk\/wp-content\/uploads\/2021\/02\/RAB_logo_mindre02-1536x972.png 1536w, https:\/\/www.yinyangklinik.dk\/wp-content\/uploads\/2021\/02\/RAB_logo_mindre02-2048x1296.png 2048w\" sizes=\"(max-width: 700px) 100vw, 700px\" \/><\/figure><\/div>\n\n\n<p><\/p>\n<\/div>\n\n\n\n<div class=\"wp-block-column is-layout-flow wp-block-column-is-layout-flow\">\n<figure class=\"wp-block-image size-large is-resized is-style-default\"><img loading=\"lazy\" decoding=\"async\" width=\"700\" height=\"121\" src=\"https:\/\/www.yinyangklinik.dk\/wp-content\/uploads\/2024\/05\/Dansk-Behandlerforbund-logo02-110dpi-700x121.png\" alt=\"Dansk Behandlerforbund logo - Brancheforening\" class=\"wp-image-4002\" style=\"aspect-ratio:2.287581699346405;object-fit:contain;width:501px;height:auto\" srcset=\"https:\/\/www.yinyangklinik.dk\/wp-content\/uploads\/2024\/05\/Dansk-Behandlerforbund-logo02-110dpi-700x121.png 700w, https:\/\/www.yinyangklinik.dk\/wp-content\/uploads\/2024\/05\/Dansk-Behandlerforbund-logo02-110dpi-300x52.png 300w, https:\/\/www.yinyangklinik.dk\/wp-content\/uploads\/2024\/05\/Dansk-Behandlerforbund-logo02-110dpi-768x133.png 768w, https:\/\/www.yinyangklinik.dk\/wp-content\/uploads\/2024\/05\/Dansk-Behandlerforbund-logo02-110dpi.png 1000w\" sizes=\"(max-width: 700px) 100vw, 700px\" \/><\/figure>\n<\/div>\n<\/div>\n\n\n\n<p>Jeg er uddannet akupunkt\u00f8r fra <a href=\"https:\/\/www.kbh-aku.dk\/\" target=\"_blank\" rel=\"noreferrer noopener\">K\u00f8benhavns Akupunkturskole<\/a>. Skolens uddannelsesniveau er det h\u00f8jeste i Danmark, med b\u00e5de nationale og internationale undervisere i topklasse. Uddannelsen har givet mig en dyb forst\u00e5else af klassisk kinesisk medicin, samt evnen til at sammens\u00e6tte vestlig og \u00f8stlig medicinsk tankegang.<\/p>\n\n\n\n<div class=\"wp-block-getwid-advanced-spacer\" style=\"height:5vh\" aria-hidden=\"true\"><\/div>\n\n\n<div class=\"wp-block-image is-resized is-style-default\">\n<figure class=\"aligncenter size-large\"><img loading=\"lazy\" decoding=\"async\" width=\"472\" height=\"472\" src=\"https:\/\/www.yinyangklinik.dk\/wp-content\/uploads\/2021\/02\/Patientinfo-icon.png\" alt=\"Patientinfo - Vigtigt for dig som patient \" class=\"wp-image-3067\" style=\"aspect-ratio:1;width:120px;height:auto\" srcset=\"https:\/\/www.yinyangklinik.dk\/wp-content\/uploads\/2021\/02\/Patientinfo-icon.png 472w, https:\/\/www.yinyangklinik.dk\/wp-content\/uploads\/2021\/02\/Patientinfo-icon-300x300.png 300w, https:\/\/www.yinyangklinik.dk\/wp-content\/uploads\/2021\/02\/Patientinfo-icon-150x150.png 150w, https:\/\/www.yinyangklinik.dk\/wp-content\/uploads\/2021\/02\/Patientinfo-icon-100x100.png 100w\" sizes=\"(max-width: 472px) 100vw, 472px\" \/><\/figure><\/div>\n\n\n<h5 class=\"wp-block-heading has-text-align-center has-black-color has-text-color\">Patientinfo<\/h5>\n\n\n\n<div class=\"wp-block-getwid-advanced-spacer\" style=\"height:2vh\" aria-hidden=\"true\"><\/div>\n\n\n\n<p class=\"has-text-align-center\">Vigtigt for dig som patient &#8211; b\u00e5de f\u00f8r og efter du kommer til behandling<\/p>\n\n\n<ul>\n<li style=\"list-style-type: none;\">\n<ul>\n<li>Skriv en liste med det medicin du tager og medbring den f\u00f8rste gang du kommer til behandling. Du kan ogs\u00e5 v\u00e6lge at printe dit medicinkort fra Sundhed.dk og medbringe det. \u2192 Link til <a href=\"https:\/\/www.sundhed.dk\/borger\/min-side\/min-sundhedsjournal\/medicinkortet\/\" target=\"_blank\" rel=\"noopener\">medicinkort<\/a>.<\/li>\n<li>Undg\u00e5 creme og bodylotion den dag du kommer til behandling, da det g\u00f8r det vanskeligere at inds\u00e6tte de tynde n\u00e5le, som anvendes ved akupunktur.<\/li>\n<li>Undg\u00e5 at bruge parfume den dag du kommer til behandling, da det kan camouflere vigtige diagnostiske tegn, som opn\u00e5s via lugtesansen.<\/li>\n<li>Undg\u00e5 at bruge makeup den dag du kommer til behandling, da det nemt smitter af p\u00e5 underlaget.<\/li>\n<li>Undg\u00e5 tandb\u00f8rstning af tungen den dag du kommer til behandling. Tungen er nemlig et vigtigt diagnostisk redskab i kinesisk medicin.<\/li>\n<li>Husk at drikke rigeligt med vand efter behandlingen, for at skylle frigjorte affaldsstoffer ud af kroppen &#8211; og slap gerne af resten af dagen.<\/li>\n<\/ul>\n<\/li>\n<\/ul>\n\n\n<div class=\"wp-block-columns is-layout-flex wp-container-core-columns-layout-3 wp-block-columns-is-layout-flex\">\n<div class=\"wp-block-column is-layout-flow wp-block-column-is-layout-flow\"><\/div>\n\n\n\n<div class=\"wp-block-column is-layout-flow wp-block-column-is-layout-flow\">\n<p><\/p>\n<\/div>\n<\/div>\n\n\n\n<h2 class=\"wp-block-heading has-black-color has-text-color\"><strong>Akupunktur hos Yin Yang Klinik<\/strong><\/h2>\n\n\n\n<p>Her kan du l\u00e6se mere om hvordan akupunkturbehandling p\u00e5 Yin Yang Klinik foreg\u00e5r<\/p>\n\n\n\n<div class=\"wp-block-getwid-advanced-spacer\" style=\"height:2vh\" aria-hidden=\"true\"><\/div>\n\n\n<div class=\"jg-force-full-width\"><\/p>\n\n\n<div class=\"wp-block-getwid-section alignfull getwid-section-content-full-width\"><div class=\"wp-block-getwid-section__wrapper getwid-padding-top-large getwid-padding-bottom-large getwid-padding-left-medium getwid-padding-right-medium getwid-align-items-tablet-center getwid-align-items-mobile-center getwid-justify-content-tablet-center getwid-justify-content-mobile-center getwid-reset-min-height-tablet getwid-reset-min-height-mobile\" style=\"min-height:100vh\"><div class=\"wp-block-getwid-section__inner-wrapper\"><div class=\"wp-block-getwid-section__background-holder\"><div class=\"wp-block-getwid-section__background\" style=\"background-image:url('https:\/\/www.yinyangklinik.dk\/wp-content\/uploads\/2021\/02\/Behandling02-scaled.jpg');background-position:center center;background-attachment:scroll\"><div class=\"wp-block-getwid-section__background-image-wrapper\"><img decoding=\"async\" class=\"wp-block-getwid-section__background-image\" src=\"https:\/\/www.yinyangklinik.dk\/wp-content\/uploads\/2021\/02\/Behandling02-scaled.jpg\" alt=\"Behandling - Yin Yang Klinik\"\/><\/div><\/div><div class=\"wp-block-getwid-section__foreground\"><\/div><\/div><div class=\"wp-block-getwid-section__content\"><div class=\"wp-block-getwid-section__inner-content\"><span class='mb-center maxbutton-1-center'><span class='maxbutton-1-container mb-container'><a class=\"maxbutton-1 maxbutton maxbutton-laes-om-behandlingen\" href=\"https:\/\/www.yinyangklinik.dk\/index.php\/hvordan-foregaar-behandlingen-behandling\/\"><span class='mb-text'>L\u00e6s om behandlingen<\/span><\/a><\/span><\/span><\/div><\/div><\/div><\/div><\/div>\n\n\n<p><\/div>\n\n\n<div class=\"wp-block-getwid-advanced-spacer\" style=\"height:5vh\" aria-hidden=\"true\"><\/div>\n\n\n\n<h2 class=\"wp-block-heading has-black-color has-text-color\"><strong>Tilskud til Akupunktur<\/strong><\/h2>\n\n\n\n<p>De fleste sundhedsforsikringer giver tilskud til akupunktur. Har du en sundhedsforsikring, s\u00e5 pr\u00f8v at kontakte dit forsikringsselskab og h\u00f8r om din sundhedsforsikring giver tilskud til akupunktur. <\/p>\n\n\n\n<p>F\u00e5 tilskud til akupunktur med Sygeforsikringen \u201cdanmark\u201d. <br>Hvis du er medlem af Sygeforsikringen \u201ddanmark\u201d kan du f\u00e5 tilskud til akupunktur udf\u00f8rt af RAB-registrerede behandlere. L\u00e6s mere om tilskud med Sygeforsikringen &#8220;danmark&#8221; her:<br>\u2192 Sygeforsikringen &#8220;danmark&#8221;: <a href=\"https:\/\/www.yinyangklinik.dk\/index.php\/priser\/#tilskud\">Tilskud<\/a><\/p>\n","protected":false},"excerpt":{"rendered":"<p>Velkommen til Yin Yang Klinik. Jeg hedder Frank Bomholt. Jeg er akupunkt\u00f8r og indehaver af klinikken. Jeg er medlem af brancheforeningen Dansk Behandlerforbund og herudover er jeg RAB-registreret behandler. RAB (Registreret Alternativ Behandler) er en brancheadministreret registreringsordning underlagt Sundhedsstyrelsen, hvilket er dit kvalitetsstempel og din sikkerhed for at jeg opfylder en r\u00e6kke krav til grunduddannelse, &hellip; <\/p>\n<p class=\"link-more\"><a href=\"https:\/\/www.yinyangklinik.dk\/\" class=\"more-link\">L\u00e6s videre<span class=\"screen-reader-text\"> &#8220;Yin Yang Klinik&#8221;<\/span><\/a><\/p>\n","protected":false},"author":1,"featured_media":0,"parent":0,"menu_order":0,"comment_status":"closed","ping_status":"closed","template":"","meta":{"_monsterinsights_skip_tracking":false,"_monsterinsights_sitenote_active":false,"_monsterinsights_sitenote_note":"","_monsterinsights_sitenote_category":0,"footnotes":""},"yoast_head":"<!-- This site is optimized with the Yoast SEO plugin v22.6 - https:\/\/yoast.com\/wordpress\/plugins\/seo\/ -->\n<title>Yin Yang Klinik - Akupunktur i Kalundborg<\/title>\n<meta name=\"description\" content=\"Yin Yang Klinik er en akupunkturklinik i Kalundborg, hvor vi har fokus p\u00e5 dig som et helt menneske, n\u00e5r fysiske og pyskiske ubalancer skal behandles.\" \/>\n<meta name=\"robots\" content=\"index, follow, max-snippet:-1, max-image-preview:large, max-video-preview:-1\" \/>\n<link rel=\"canonical\" href=\"https:\/\/www.yinyangklinik.dk\/\" \/>\n<meta property=\"og:locale\" content=\"da_DK\" \/>\n<meta property=\"og:type\" content=\"article\" \/>\n<meta property=\"og:title\" content=\"Yin Yang Klinik - Akupunktur i Kalundborg\" \/>\n<meta property=\"og:description\" content=\"Yin Yang Klinik er en akupunkturklinik i Kalundborg, hvor vi har fokus p\u00e5 dig som et helt menneske, n\u00e5r fysiske og pyskiske ubalancer skal behandles.\" \/>\n<meta property=\"og:url\" content=\"https:\/\/www.yinyangklinik.dk\/\" \/>\n<meta property=\"og:site_name\" content=\"Yin Yang Klinik\" \/>\n<meta property=\"article:modified_time\" content=\"2024-05-01T19:18:11+00:00\" \/>\n<meta property=\"og:image\" content=\"https:\/\/www.yinyangklinik.dk\/wp-content\/uploads\/2020\/06\/Yin-Yang-Klinik-logo.png\" \/>\n<meta name=\"twitter:card\" content=\"summary_large_image\" \/>\n<meta name=\"twitter:label1\" content=\"Estimeret l\u00e6setid\" \/>\n\t<meta name=\"twitter:data1\" content=\"4 minutter\" \/>\n<script type=\"application\/ld+json\" class=\"yoast-schema-graph\">{\"@context\":\"https:\/\/schema.org\",\"@graph\":[{\"@type\":\"WebPage\",\"@id\":\"https:\/\/www.yinyangklinik.dk\/\",\"url\":\"https:\/\/www.yinyangklinik.dk\/\",\"name\":\"Yin Yang Klinik - Akupunktur i Kalundborg\",\"isPartOf\":{\"@id\":\"https:\/\/www.yinyangklinik.dk\/#website\"},\"primaryImageOfPage\":{\"@id\":\"https:\/\/www.yinyangklinik.dk\/#primaryimage\"},\"image\":{\"@id\":\"https:\/\/www.yinyangklinik.dk\/#primaryimage\"},\"thumbnailUrl\":\"https:\/\/www.yinyangklinik.dk\/wp-content\/uploads\/2020\/06\/Yin-Yang-Klinik-logo.png\",\"datePublished\":\"2020-03-11T22:40:39+00:00\",\"dateModified\":\"2024-05-01T19:18:11+00:00\",\"description\":\"Yin Yang Klinik er en akupunkturklinik i Kalundborg, hvor vi har fokus p\u00e5 dig som et helt menneske, n\u00e5r fysiske og pyskiske ubalancer skal behandles.\",\"breadcrumb\":{\"@id\":\"https:\/\/www.yinyangklinik.dk\/#breadcrumb\"},\"inLanguage\":\"da-DK\",\"potentialAction\":[{\"@type\":\"ReadAction\",\"target\":[\"https:\/\/www.yinyangklinik.dk\/\"]}]},{\"@type\":\"ImageObject\",\"inLanguage\":\"da-DK\",\"@id\":\"https:\/\/www.yinyangklinik.dk\/#primaryimage\",\"url\":\"https:\/\/www.yinyangklinik.dk\/wp-content\/uploads\/2020\/06\/Yin-Yang-Klinik-logo.png\",\"contentUrl\":\"https:\/\/www.yinyangklinik.dk\/wp-content\/uploads\/2020\/06\/Yin-Yang-Klinik-logo.png\",\"width\":514,\"height\":496,\"caption\":\"Yin Yang Klinik logo - akupunktur i 4400 Kalundborg\"},{\"@type\":\"BreadcrumbList\",\"@id\":\"https:\/\/www.yinyangklinik.dk\/#breadcrumb\",\"itemListElement\":[{\"@type\":\"ListItem\",\"position\":1,\"name\":\"Hjem\",\"item\":\"https:\/\/www.yinyangklinik.dk\/\"},{\"@type\":\"ListItem\",\"position\":2,\"name\":\"Yin Yang Klinik\"}]},{\"@type\":\"WebSite\",\"@id\":\"https:\/\/www.yinyangklinik.dk\/#website\",\"url\":\"https:\/\/www.yinyangklinik.dk\/\",\"name\":\"Yin Yang Klinik\",\"description\":\"Akupunkturklinik i Kalundborg\",\"publisher\":{\"@id\":\"https:\/\/www.yinyangklinik.dk\/#organization\"},\"potentialAction\":[{\"@type\":\"SearchAction\",\"target\":{\"@type\":\"EntryPoint\",\"urlTemplate\":\"https:\/\/www.yinyangklinik.dk\/?s={search_term_string}\"},\"query-input\":\"required name=search_term_string\"}],\"inLanguage\":\"da-DK\"},{\"@type\":\"Organization\",\"@id\":\"https:\/\/www.yinyangklinik.dk\/#organization\",\"name\":\"Yin Yang Klinik\",\"url\":\"https:\/\/www.yinyangklinik.dk\/\",\"logo\":{\"@type\":\"ImageObject\",\"inLanguage\":\"da-DK\",\"@id\":\"https:\/\/www.yinyangklinik.dk\/#\/schema\/logo\/image\/\",\"url\":\"https:\/\/www.yinyangklinik.dk\/wp-content\/uploads\/2020\/06\/cropped-Yin-Yang-Klinik-logo.png\",\"contentUrl\":\"https:\/\/www.yinyangklinik.dk\/wp-content\/uploads\/2020\/06\/cropped-Yin-Yang-Klinik-logo.png\",\"width\":250,\"height\":250,\"caption\":\"Yin Yang Klinik\"},\"image\":{\"@id\":\"https:\/\/www.yinyangklinik.dk\/#\/schema\/logo\/image\/\"}}]}<\/script>\n<!-- \/ Yoast SEO plugin. -->","yoast_head_json":{"title":"Yin Yang Klinik - Akupunktur i Kalundborg","description":"Yin Yang Klinik er en akupunkturklinik i Kalundborg, hvor vi har fokus p\u00e5 dig som et helt menneske, n\u00e5r fysiske og pyskiske ubalancer skal behandles.","robots":{"index":"index","follow":"follow","max-snippet":"max-snippet:-1","max-image-preview":"max-image-preview:large","max-video-preview":"max-video-preview:-1"},"canonical":"https:\/\/www.yinyangklinik.dk\/","og_locale":"da_DK","og_type":"article","og_title":"Yin Yang Klinik - Akupunktur i Kalundborg","og_description":"Yin Yang Klinik er en akupunkturklinik i Kalundborg, hvor vi har fokus p\u00e5 dig som et helt menneske, n\u00e5r fysiske og pyskiske ubalancer skal behandles.","og_url":"https:\/\/www.yinyangklinik.dk\/","og_site_name":"Yin Yang Klinik","article_modified_time":"2024-05-01T19:18:11+00:00","og_image":[{"url":"https:\/\/www.yinyangklinik.dk\/wp-content\/uploads\/2020\/06\/Yin-Yang-Klinik-logo.png"}],"twitter_card":"summary_large_image","twitter_misc":{"Estimeret l\u00e6setid":"4 minutter"},"schema":{"@context":"https:\/\/schema.org","@graph":[{"@type":"WebPage","@id":"https:\/\/www.yinyangklinik.dk\/","url":"https:\/\/www.yinyangklinik.dk\/","name":"Yin Yang Klinik - Akupunktur i Kalundborg","isPartOf":{"@id":"https:\/\/www.yinyangklinik.dk\/#website"},"primaryImageOfPage":{"@id":"https:\/\/www.yinyangklinik.dk\/#primaryimage"},"image":{"@id":"https:\/\/www.yinyangklinik.dk\/#primaryimage"},"thumbnailUrl":"https:\/\/www.yinyangklinik.dk\/wp-content\/uploads\/2020\/06\/Yin-Yang-Klinik-logo.png","datePublished":"2020-03-11T22:40:39+00:00","dateModified":"2024-05-01T19:18:11+00:00","description":"Yin Yang Klinik er en akupunkturklinik i Kalundborg, hvor vi har fokus p\u00e5 dig som et helt menneske, n\u00e5r fysiske og pyskiske ubalancer skal behandles.","breadcrumb":{"@id":"https:\/\/www.yinyangklinik.dk\/#breadcrumb"},"inLanguage":"da-DK","potentialAction":[{"@type":"ReadAction","target":["https:\/\/www.yinyangklinik.dk\/"]}]},{"@type":"ImageObject","inLanguage":"da-DK","@id":"https:\/\/www.yinyangklinik.dk\/#primaryimage","url":"https:\/\/www.yinyangklinik.dk\/wp-content\/uploads\/2020\/06\/Yin-Yang-Klinik-logo.png","contentUrl":"https:\/\/www.yinyangklinik.dk\/wp-content\/uploads\/2020\/06\/Yin-Yang-Klinik-logo.png","width":514,"height":496,"caption":"Yin Yang Klinik logo - akupunktur i 4400 Kalundborg"},{"@type":"BreadcrumbList","@id":"https:\/\/www.yinyangklinik.dk\/#breadcrumb","itemListElement":[{"@type":"ListItem","position":1,"name":"Hjem","item":"https:\/\/www.yinyangklinik.dk\/"},{"@type":"ListItem","position":2,"name":"Yin Yang Klinik"}]},{"@type":"WebSite","@id":"https:\/\/www.yinyangklinik.dk\/#website","url":"https:\/\/www.yinyangklinik.dk\/","name":"Yin Yang Klinik","description":"Akupunkturklinik i Kalundborg","publisher":{"@id":"https:\/\/www.yinyangklinik.dk\/#organization"},"potentialAction":[{"@type":"SearchAction","target":{"@type":"EntryPoint","urlTemplate":"https:\/\/www.yinyangklinik.dk\/?s={search_term_string}"},"query-input":"required name=search_term_string"}],"inLanguage":"da-DK"},{"@type":"Organization","@id":"https:\/\/www.yinyangklinik.dk\/#organization","name":"Yin Yang Klinik","url":"https:\/\/www.yinyangklinik.dk\/","logo":{"@type":"ImageObject","inLanguage":"da-DK","@id":"https:\/\/www.yinyangklinik.dk\/#\/schema\/logo\/image\/","url":"https:\/\/www.yinyangklinik.dk\/wp-content\/uploads\/2020\/06\/cropped-Yin-Yang-Klinik-logo.png","contentUrl":"https:\/\/www.yinyangklinik.dk\/wp-content\/uploads\/2020\/06\/cropped-Yin-Yang-Klinik-logo.png","width":250,"height":250,"caption":"Yin Yang Klinik"},"image":{"@id":"https:\/\/www.yinyangklinik.dk\/#\/schema\/logo\/image\/"}}]}},"_links":{"self":[{"href":"https:\/\/www.yinyangklinik.dk\/index.php\/wp-json\/wp\/v2\/pages\/147"}],"collection":[{"href":"https:\/\/www.yinyangklinik.dk\/index.php\/wp-json\/wp\/v2\/pages"}],"about":[{"href":"https:\/\/www.yinyangklinik.dk\/index.php\/wp-json\/wp\/v2\/types\/page"}],"author":[{"embeddable":true,"href":"https:\/\/www.yinyangklinik.dk\/index.php\/wp-json\/wp\/v2\/users\/1"}],"replies":[{"embeddable":true,"href":"https:\/\/www.yinyangklinik.dk\/index.php\/wp-json\/wp\/v2\/comments?post=147"}],"version-history":[{"count":441,"href":"https:\/\/www.yinyangklinik.dk\/index.php\/wp-json\/wp\/v2\/pages\/147\/revisions"}],"predecessor-version":[{"id":4017,"href":"https:\/\/www.yinyangklinik.dk\/index.php\/wp-json\/wp\/v2\/pages\/147\/revisions\/4017"}],"wp:attachment":[{"href":"https:\/\/www.yinyangklinik.dk\/index.php\/wp-json\/wp\/v2\/media?parent=147"}],"curies":[{"name":"wp","href":"https:\/\/api.w.org\/{rel}","templated":true}]}}